{"id":377,"date":"2025-04-25T10:55:23","date_gmt":"2025-04-25T13:55:23","guid":{"rendered":"https:\/\/editorainsight.com.br\/livro\/?page_id=377"},"modified":"2025-06-11T17:15:46","modified_gmt":"2025-06-11T20:15:46","slug":"fanzine-7","status":"publish","type":"page","link":"https:\/\/editorainsight.com.br\/livro\/ovo-de-colombo\/catalogo-digital\/fanzine-7\/","title":{"rendered":"Ovo de Colombo &#8211; Fanzine 7"},"content":{"rendered":"<p>[et_pb_section fb_built=&#8221;1&#8243; fullwidth=&#8221;on&#8221; _builder_version=&#8221;4.27.4&#8243; _module_preset=&#8221;default&#8221; background_image=&#8221;https:\/\/editorainsight.com.br\/livro\/wp-content\/uploads\/2025\/04\/barra-final.png&#8221; global_colors_info=&#8221;{}&#8221;][et_pb_fullwidth_menu dropdown_menu_line_color=&#8221;#E02B20&#8243; dropdown_menu_text_color=&#8221;#636363&#8243; dropdown_menu_active_link_color=&#8221;#E02B20&#8243; mobile_menu_bg_color=&#8221;#FFFFFF&#8221; mobile_menu_text_color=&#8221;#6d6d6d&#8221; logo=&#8221;https:\/\/editorainsight.com.br\/livro\/wp-content\/uploads\/2025\/04\/Marca-OVO_horizontal.png&#8221; logo_width=&#8221;32%&#8221; cart_icon_color=&#8221;#000000&#8243; search_icon_color=&#8221;#000000&#8243; menu_icon_color=&#8221;#000000&#8243; logo_tablet=&#8221;https:\/\/editorainsight.com.br\/livro\/wp-content\/uploads\/2025\/04\/Marca-OVO_horizontal.png&#8221; logo_phone=&#8221;https:\/\/editorainsight.com.br\/livro\/wp-content\/uploads\/2025\/04\/Marca-OVO_horizontal.png&#8221; logo_last_edited=&#8221;on|desktop&#8221; logo_width_tablet=&#8221;32%&#8221; logo_width_phone=&#8221;100%&#8221; logo_width_last_edited=&#8221;on|desktop&#8221; _builder_version=&#8221;4.27.4&#8243; _module_preset=&#8221;default&#8221; menu_font=&#8221;Barriecito||||||||&#8221; menu_font_size=&#8221;18px&#8221; menu_line_height=&#8221;1.1em&#8221; background_image=&#8221;https:\/\/editorainsight.com.br\/livro\/wp-content\/uploads\/2025\/04\/textura-fundo_Vai-Zine-scaled.jpg&#8221; text_orientation=&#8221;center&#8221; custom_margin=&#8221;||-14px||false|false&#8221; custom_margin_tablet=&#8221;||-14px||false|false&#8221; custom_margin_phone=&#8221;-15px||-15px||false|false&#8221; custom_margin_last_edited=&#8221;on|desktop&#8221; sticky_position=&#8221;top&#8221; menu_font_size_tablet=&#8221;18px&#8221; menu_font_size_phone=&#8221;13px&#8221; menu_font_size_last_edited=&#8221;on|phone&#8221; module_alignment_tablet=&#8221;&#8221; module_alignment_phone=&#8221;center&#8221; module_alignment_last_edited=&#8221;on|phone&#8221; global_colors_info=&#8221;{}&#8221;][\/et_pb_fullwidth_menu][\/et_pb_section][et_pb_section fb_built=&#8221;1&#8243; _builder_version=&#8221;4.27.4&#8243; _module_preset=&#8221;default&#8221; background_image=&#8221;https:\/\/editorainsight.com.br\/livro\/wp-content\/uploads\/2025\/04\/fundo-site_CORRETO-scaled.jpg&#8221; background_position=&#8221;top_center&#8221; custom_margin=&#8221;2px|||||&#8221; custom_padding=&#8221;46px||30px|||&#8221; global_colors_info=&#8221;{}&#8221;][et_pb_row _builder_version=&#8221;4.27.4&#8243; _module_preset=&#8221;default&#8221; global_colors_info=&#8221;{}&#8221;][et_pb_column type=&#8221;4_4&#8243; _builder_version=&#8221;4.27.4&#8243; _module_preset=&#8221;default&#8221; global_colors_info=&#8221;{}&#8221;][et_pb_text _builder_version=&#8221;4.27.4&#8243; _module_preset=&#8221;default&#8221; text_text_color=&#8221;#4c4c4c&#8221; text_font_size=&#8221;20px&#8221; header_font=&#8221;Barriecito||||||||&#8221; header_text_color=&#8221;#875c00&#8243; header_font_size=&#8221;45px&#8221; background_color=&#8221;RGBA(255,255,255,0)&#8221; background_image=&#8221;https:\/\/editorainsight.com.br\/livro\/wp-content\/uploads\/2025\/04\/textura-papel-4.png&#8221; module_alignment=&#8221;center&#8221; custom_margin=&#8221;||||false|false&#8221; custom_margin_tablet=&#8221;||||false|false&#8221; custom_margin_phone=&#8221;-45px||30px||false|false&#8221; custom_margin_last_edited=&#8221;on|desktop&#8221; custom_padding=&#8221;45px|60px|45px|60px|false|false&#8221; custom_padding_tablet=&#8221;45px|60px|45px|60px|false|false&#8221; custom_padding_phone=&#8221;65px|15px|50px|15px|false|false&#8221; custom_padding_last_edited=&#8221;on|desktop&#8221; text_font_size_tablet=&#8221;20px&#8221; text_font_size_phone=&#8221;14px&#8221; text_font_size_last_edited=&#8221;on|phone&#8221; header_font_size_tablet=&#8221;45px&#8221; header_font_size_phone=&#8221;30px&#8221; header_font_size_last_edited=&#8221;on|phone&#8221; global_colors_info=&#8221;{}&#8221;]<\/p>\n<h1 style=\"text-align: center;\"><span style=\"font-weight: 400;\">Fanzine Sete<\/span><\/h1>\n<p><span style=\"font-weight: 400;\"><\/span><\/p>\n<p><span style=\"font-weight: 400;\">Nove e meia semanas de te(n)s\u00e3o para o Ndesign. O Ovo de Colombo analisa o erotismo nas HQ&#8217;s, na coluna Cobras e Cobr\u00f5es e a troca de experi\u00eancias nas escolas do Paran\u00e1, atrav\u00e9s do Semin\u00e1rio TG. Manifesta o seu n\u00e3o \u00e0 privatiza\u00e7\u00e3o da Universidade e registra a participa\u00e7\u00e3o do CADI-UFPR no congresso da UNE 91. Do Ndesign v\u00eam as \u00faltimas embaladas por um strip-tease promocional do encontro, fechando a edi\u00e7\u00e3o, que ao sair j\u00e1 era taxada de machista.<\/span><\/p>\n<p style=\"text-align: right;\"><em><span style=\"font-weight: 400;\">N\u00b07: Maio 1991<br \/>Capa: Naotake Fukushima<\/span><\/em><\/p>\n<p>[\/et_pb_text][\/et_pb_column][\/et_pb_row][et_pb_row custom_padding_last_edited=&#8221;on|desktop&#8221; _builder_version=&#8221;4.27.4&#8243; _module_preset=&#8221;default&#8221; background_color=&#8221;RGBA(255,255,255,0)&#8221; max_width_tablet=&#8221;&#8221; max_width_phone=&#8221;&#8221; max_width_last_edited=&#8221;on|desktop&#8221; custom_margin=&#8221;0px|auto||auto|false|false&#8221; custom_margin_tablet=&#8221;0px|auto||auto|false|false&#8221; custom_margin_phone=&#8221;-50px||||false|false&#8221; custom_margin_last_edited=&#8221;on|phone&#8221; custom_padding=&#8221;||10px||false|false&#8221; custom_padding_tablet=&#8221;||10px||false|false&#8221; custom_padding_phone=&#8221;||10px||false|false&#8221; global_colors_info=&#8221;{}&#8221;][et_pb_column type=&#8221;4_4&#8243; _builder_version=&#8221;4.27.4&#8243; _module_preset=&#8221;default&#8221; global_colors_info=&#8221;{}&#8221;][et_pb_gallery gallery_ids=&#8221;573,572,574,570,571&#8243; fullwidth=&#8221;on&#8221; _builder_version=&#8221;4.27.4&#8243; _module_preset=&#8221;default&#8221; pagination_text_color=&#8221;#FFFFFF&#8221; background_layout=&#8221;dark&#8221; width_tablet=&#8221;&#8221; width_phone=&#8221;100%&#8221; width_last_edited=&#8221;on|phone&#8221; max_width_tablet=&#8221;&#8221; max_width_phone=&#8221;100%&#8221; max_width_last_edited=&#8221;on|phone&#8221; module_alignment=&#8221;center&#8221; custom_margin=&#8221;||||false|false&#8221; custom_padding=&#8221;|100px||100px||&#8221; custom_padding_tablet=&#8221;|100px||100px||&#8221; custom_padding_phone=&#8221;|0px||0px|false|false&#8221; custom_padding_last_edited=&#8221;on|desktop&#8221; global_colors_info=&#8221;{}&#8221;][\/et_pb_gallery][\/et_pb_column][\/et_pb_row][et_pb_row custom_padding_last_edited=&#8221;on|desktop&#8221; _builder_version=&#8221;4.27.4&#8243; _module_preset=&#8221;default&#8221; custom_padding_tablet=&#8221;&#8221; custom_padding_phone=&#8221;||0px||false|false&#8221; global_colors_info=&#8221;{}&#8221;][et_pb_column type=&#8221;4_4&#8243; _builder_version=&#8221;4.27.4&#8243; _module_preset=&#8221;default&#8221; global_colors_info=&#8221;{}&#8221;][et_pb_audio audio=&#8221;https:\/\/editorainsight.com.br\/livro\/wp-content\/uploads\/2025\/04\/07.-audio-fanzine-07.mp3&#8243; title=&#8221;Audiodescri\u00e7\u00e3o do Fanzine n\u00b0 7&#8243; artist_name=&#8221;Casa Consultoria&#8221; _builder_version=&#8221;4.27.4&#8243; _module_preset=&#8221;default&#8221; title_font=&#8221;Barriecito||||||||&#8221; title_font_size=&#8221;26px&#8221; caption_text_color=&#8221;#FFFFFF&#8221; background_color=&#8221;RGBA(255,255,255,0)&#8221; background_image=&#8221;https:\/\/editorainsight.com.br\/livro\/wp-content\/uploads\/2025\/05\/textura-papel-6.png&#8221; custom_margin_tablet=&#8221;&#8221; custom_margin_phone=&#8221;||||false|false&#8221; custom_margin_last_edited=&#8221;on|phone&#8221; custom_padding=&#8221;||||false|false&#8221; custom_padding_tablet=&#8221;||||false|false&#8221; custom_padding_phone=&#8221;15px||15px||false|false&#8221; custom_padding_last_edited=&#8221;on|desktop&#8221; title_font_last_edited=&#8221;off|phone&#8221; title_font_size_tablet=&#8221;26px&#8221; title_font_size_phone=&#8221;18px&#8221; title_font_size_last_edited=&#8221;on|phone&#8221; caption_font_size_tablet=&#8221;&#8221; caption_font_size_phone=&#8221;12px&#8221; caption_font_size_last_edited=&#8221;on|phone&#8221; caption_line_height_tablet=&#8221;&#8221; caption_line_height_phone=&#8221;1em&#8221; caption_line_height_last_edited=&#8221;on|phone&#8221; global_colors_info=&#8221;{}&#8221;][\/et_pb_audio][\/et_pb_column][\/et_pb_row][et_pb_row _builder_version=&#8221;4.27.4&#8243; _module_preset=&#8221;default&#8221; global_colors_info=&#8221;{}&#8221;][et_pb_column type=&#8221;4_4&#8243; _builder_version=&#8221;4.27.4&#8243; _module_preset=&#8221;default&#8221; global_colors_info=&#8221;{}&#8221;][et_pb_text _builder_version=&#8221;4.27.4&#8243; _module_preset=&#8221;default&#8221; header_font=&#8221;Barriecito||||||||&#8221; header_text_color=&#8221;#FFFFFF&#8221; header_font_size=&#8221;40px&#8221; custom_margin_tablet=&#8221;&#8221; custom_margin_phone=&#8221;||0px||false|false&#8221; custom_margin_last_edited=&#8221;on|desktop&#8221; header_font_size_tablet=&#8221;40px&#8221; header_font_size_phone=&#8221;25px&#8221; header_font_size_last_edited=&#8221;on|phone&#8221; header_text_shadow_style=&#8221;preset3&#8243; global_colors_info=&#8221;{}&#8221;]<\/p>\n<h1 style=\"text-align: center;\">Abrindo o Fanzine<\/h1>\n<p>[\/et_pb_text][et_pb_video src=&#8221;https:\/\/youtube.com\/shorts\/fzU9XI2i7co&#8221; _builder_version=&#8221;4.27.4&#8243; _module_preset=&#8221;default&#8221; global_colors_info=&#8221;{}&#8221;][\/et_pb_video][et_pb_text _builder_version=&#8221;4.27.4&#8243; _module_preset=&#8221;default&#8221; header_font=&#8221;Barriecito||||||||&#8221; header_text_color=&#8221;#FFFFFF&#8221; header_font_size=&#8221;40px&#8221; custom_margin_tablet=&#8221;&#8221; custom_margin_phone=&#8221;-35px||0px||false|false&#8221; custom_margin_last_edited=&#8221;on|desktop&#8221; header_font_size_tablet=&#8221;40px&#8221; header_font_size_phone=&#8221;25px&#8221; header_font_size_last_edited=&#8221;on|phone&#8221; header_text_shadow_style=&#8221;preset3&#8243; global_colors_info=&#8221;{}&#8221;]<\/p>\n<h1 style=\"text-align: center;\">Como montar seu Fanzine<\/h1>\n<p>[\/et_pb_text][et_pb_video src=&#8221;https:\/\/youtube.com\/shorts\/7nydd9FGQdI&#8221; _builder_version=&#8221;4.27.4&#8243; _module_preset=&#8221;default&#8221; global_colors_info=&#8221;{}&#8221;][\/et_pb_video][\/et_pb_column][\/et_pb_row][et_pb_row column_structure=&#8221;1_2,1_2&#8243; _builder_version=&#8221;4.27.4&#8243; _module_preset=&#8221;default&#8221; global_colors_info=&#8221;{}&#8221;][et_pb_column type=&#8221;1_2&#8243; _builder_version=&#8221;4.27.4&#8243; _module_preset=&#8221;default&#8221; global_colors_info=&#8221;{}&#8221;][et_pb_button button_url=&#8221;https:\/\/editorainsight.com.br\/livro\/wp-content\/uploads\/2025\/04\/af_fanzine-sete.pdf&#8221; url_new_window=&#8221;on&#8221; button_text=&#8221;PDF Fanzine n\u00b0 7&#8243; button_alignment=&#8221;center&#8221; _builder_version=&#8221;4.27.4&#8243; _module_preset=&#8221;default&#8221; custom_button=&#8221;on&#8221; button_text_size=&#8221;30px&#8221; button_text_color=&#8221;#FFFFFF&#8221; button_bg_color=&#8221;#0C71C3&#8243; button_border_width=&#8221;0px&#8221; button_border_color=&#8221;#FFFFFF&#8221; button_border_radius=&#8221;15px&#8221; button_font=&#8221;Barriecito||||||||&#8221; custom_margin=&#8221;||50px|||&#8221; custom_margin_tablet=&#8221;||50px|||&#8221; custom_margin_phone=&#8221;-26px||||false|false&#8221; custom_margin_last_edited=&#8221;on|desktop&#8221; button_text_size_tablet=&#8221;30px&#8221; button_text_size_phone=&#8221;20px&#8221; button_text_size_last_edited=&#8221;on|phone&#8221; box_shadow_style=&#8221;preset1&#8243; global_colors_info=&#8221;{}&#8221;][\/et_pb_button][\/et_pb_column][et_pb_column type=&#8221;1_2&#8243; _builder_version=&#8221;4.27.4&#8243; _module_preset=&#8221;default&#8221; global_colors_info=&#8221;{}&#8221;][et_pb_button button_url=&#8221;https:\/\/editorainsight.com.br\/livro\/wp-content\/uploads\/2025\/05\/la_Manual.pdf&#8221; url_new_window=&#8221;on&#8221; button_text=&#8221;Manual de Montagem&#8221; button_alignment=&#8221;center&#8221; _builder_version=&#8221;4.27.4&#8243; _module_preset=&#8221;default&#8221; custom_button=&#8221;on&#8221; button_text_size=&#8221;30px&#8221; button_text_color=&#8221;#FFFFFF&#8221; button_bg_color=&#8221;#0C71C3&#8243; button_border_width=&#8221;0px&#8221; button_border_color=&#8221;#FFFFFF&#8221; button_border_radius=&#8221;15px&#8221; button_font=&#8221;Barriecito||||||||&#8221; custom_margin=&#8221;||50px|||&#8221; custom_margin_tablet=&#8221;||50px|||&#8221; custom_margin_phone=&#8221;-60px||0px||false|false&#8221; custom_margin_last_edited=&#8221;on|desktop&#8221; button_text_size_tablet=&#8221;30px&#8221; button_text_size_phone=&#8221;20px&#8221; button_text_size_last_edited=&#8221;on|phone&#8221; box_shadow_style=&#8221;preset1&#8243; global_colors_info=&#8221;{}&#8221;][\/et_pb_button][\/et_pb_column][\/et_pb_row][\/et_pb_section][et_pb_section fb_built=&#8221;1&#8243; _builder_version=&#8221;4.27.4&#8243; _module_preset=&#8221;default&#8221; background_color=&#8221;RGBA(255,255,255,0)&#8221; background_image=&#8221;https:\/\/editorainsight.com.br\/livro\/wp-content\/uploads\/2025\/04\/barra-final.png&#8221; background_position=&#8221;top_left&#8221; background_horizontal_offset=&#8221;0%&#8221; min_height=&#8221;224.1px&#8221; custom_margin=&#8221;-46px|||||&#8221; custom_padding=&#8221;0px||0px|||&#8221; global_colors_info=&#8221;{}&#8221;][et_pb_row column_structure=&#8221;3_5,2_5&#8243; _builder_version=&#8221;4.27.4&#8243; _module_preset=&#8221;default&#8221; custom_padding=&#8221;||0px|||&#8221; global_colors_info=&#8221;{}&#8221;][et_pb_column type=&#8221;3_5&#8243; _builder_version=&#8221;4.27.4&#8243; _module_preset=&#8221;default&#8221; global_colors_info=&#8221;{}&#8221;][et_pb_social_media_follow use_icon_font_size=&#8221;on&#8221; icon_font_size=&#8221;25px&#8221; icon_font_size_tablet=&#8221;25px&#8221; icon_font_size_phone=&#8221;16px&#8221; icon_font_size_last_edited=&#8221;on|phone&#8221; _builder_version=&#8221;4.27.4&#8243; _module_preset=&#8221;default&#8221; text_orientation=&#8221;center&#8221; custom_margin=&#8221;||4px||false|false&#8221; custom_margin_tablet=&#8221;||4px||false|false&#8221; custom_margin_phone=&#8221;||-25px||false|false&#8221; custom_margin_last_edited=&#8221;on|phone&#8221; custom_padding=&#8221;24px|||||&#8221; custom_padding_tablet=&#8221;24px|||||&#8221; custom_padding_phone=&#8221;10px||||false|false&#8221; custom_padding_last_edited=&#8221;on|desktop&#8221; global_colors_info=&#8221;{}&#8221;][et_pb_social_media_follow_network social_network=&#8221;instagram&#8221; url=&#8221;https:\/\/www.instagram.com\/insighteditora\/&#8221; _builder_version=&#8221;4.27.4&#8243; _module_preset=&#8221;default&#8221; background_color=&#8221;#ea2c59&#8243; global_colors_info=&#8221;{}&#8221; follow_button=&#8221;off&#8221; url_new_window=&#8221;on&#8221;]instagram[\/et_pb_social_media_follow_network][et_pb_social_media_follow_network social_network=&#8221;youtube&#8221; url=&#8221;https:\/\/www.youtube.com\/@EditoraInsight&#8221; _builder_version=&#8221;4.27.4&#8243; _module_preset=&#8221;default&#8221; background_color=&#8221;#a82400&#8243; global_colors_info=&#8221;{}&#8221; follow_button=&#8221;off&#8221; url_new_window=&#8221;on&#8221;]youtube[\/et_pb_social_media_follow_network][et_pb_social_media_follow_network social_network=&#8221;whatsapp&#8221; url=&#8221;https:\/\/api.whatsapp.com\/send?phone=554188356242&#038;text=Oi%2C%20estou%20com%20uma%20d%C3%BAvida..&#8221; _builder_version=&#8221;4.27.4&#8243; _module_preset=&#8221;default&#8221; background_color=&#8221;#25D366&#8243; global_colors_info=&#8221;{}&#8221; follow_button=&#8221;off&#8221; url_new_window=&#8221;on&#8221;]whatsapp[\/et_pb_social_media_follow_network][et_pb_social_media_follow_network social_network=&#8221;facebook&#8221; url=&#8221;https:\/\/www.facebook.com\/editoraInsight&#8221; _builder_version=&#8221;4.27.4&#8243; _module_preset=&#8221;default&#8221; background_color=&#8221;#3b5998&#8243; global_colors_info=&#8221;{}&#8221; follow_button=&#8221;off&#8221; url_new_window=&#8221;on&#8221;]facebook[\/et_pb_social_media_follow_network][\/et_pb_social_media_follow][\/et_pb_column][et_pb_column type=&#8221;2_5&#8243; _builder_version=&#8221;4.27.4&#8243; _module_preset=&#8221;default&#8221; global_colors_info=&#8221;{}&#8221;][et_pb_text _builder_version=&#8221;4.27.4&#8243; _module_preset=&#8221;default&#8221; text_font_size=&#8221;19px&#8221; width=&#8221;100%&#8221; custom_margin=&#8221;||||false|false&#8221; custom_margin_tablet=&#8221;||||false|false&#8221; custom_margin_phone=&#8221;||||false|false&#8221; custom_margin_last_edited=&#8221;on|desktop&#8221; custom_padding=&#8221;35px||||false|false&#8221; custom_padding_tablet=&#8221;35px||||false|false&#8221; custom_padding_phone=&#8221;0px||||false|false&#8221; custom_padding_last_edited=&#8221;on|phone&#8221; text_font_size_tablet=&#8221;20px&#8221; text_font_size_phone=&#8221;14px&#8221; text_font_size_last_edited=&#8221;on|phone&#8221; global_colors_info=&#8221;{}&#8221;]<\/p>\n<p style=\"text-align: center;\"><strong>Contato:<\/strong> <a href=\"mailto:contatoeditorainsight@gmail.com\">contatoeditorainsight@gmail.com<\/a><\/p>\n<p>[\/et_pb_text][\/et_pb_column][\/et_pb_row][et_pb_row custom_padding_last_edited=&#8221;on|phone&#8221; _builder_version=&#8221;4.27.4&#8243; _module_preset=&#8221;default&#8221; custom_margin=&#8221;-11px|auto||auto||&#8221; custom_margin_tablet=&#8221;-11px|auto||auto||&#8221; custom_margin_phone=&#8221;-33px|auto|19px|auto|false|false&#8221; custom_margin_last_edited=&#8221;on|phone&#8221; custom_padding=&#8221;0px||||false|false&#8221; custom_padding_tablet=&#8221;0px||||false|false&#8221; custom_padding_phone=&#8221;0px||0px||false|false&#8221; global_colors_info=&#8221;{}&#8221;][et_pb_column type=&#8221;4_4&#8243; _builder_version=&#8221;4.27.4&#8243; _module_preset=&#8221;default&#8221; global_colors_info=&#8221;{}&#8221;][et_pb_image src=&#8221;https:\/\/editorainsight.com.br\/livro\/wp-content\/uploads\/2025\/06\/BARRA-DE-LOGOS_preto-scaled.png&#8221; title_text=&#8221;BARRA DE LOGOS_preto&#8221; _builder_version=&#8221;4.27.4&#8243; _module_preset=&#8221;default&#8221; custom_padding=&#8221;15px|||||&#8221; hover_enabled=&#8221;0&#8243; global_colors_info=&#8221;{}&#8221; sticky_enabled=&#8221;0&#8243;][\/et_pb_image][\/et_pb_column][\/et_pb_row][\/et_pb_section]<\/p>\n","protected":false},"excerpt":{"rendered":"<p>Fanzine Sete Nove e meia semanas de te(n)s\u00e3o para o Ndesign. O Ovo de Colombo analisa o erotismo nas HQ&#8217;s, na coluna Cobras e Cobr\u00f5es e a troca de experi\u00eancias nas escolas do Paran\u00e1, atrav\u00e9s do Semin\u00e1rio TG. Manifesta o seu n\u00e3o \u00e0 privatiza\u00e7\u00e3o da Universidade e registra a participa\u00e7\u00e3o do CADI-UFPR no congresso da [&hellip;]<\/p>\n","protected":false},"author":1,"featured_media":0,"parent":263,"menu_order":0,"comment_status":"closed","ping_status":"closed","template":"","meta":{"_et_pb_use_builder":"on","_et_pb_old_content":"","_et_gb_content_width":"","footnotes":""},"class_list":["post-377","page","type-page","status-publish","hentry"],"yoast_head":"<!-- This site is optimized with the Yoast SEO plugin v23.6 - https:\/\/yoast.com\/wordpress\/plugins\/seo\/ -->\n<title>Ovo de Colombo - Fanzine 7 - Livros da Insight<\/title>\n<meta name=\"robots\" content=\"index, follow, max-snippet:-1, max-image-preview:large, max-video-preview:-1\" \/>\n<link rel=\"canonical\" href=\"https:\/\/editorainsight.com.br\/livro\/ovo-de-colombo\/catalogo-digital\/fanzine-7\/\" \/>\n<meta property=\"og:locale\" content=\"pt_BR\" \/>\n<meta property=\"og:type\" content=\"article\" \/>\n<meta property=\"og:title\" content=\"Ovo de Colombo - Fanzine 7 - Livros da Insight\" \/>\n<meta property=\"og:description\" content=\"Fanzine Sete Nove e meia semanas de te(n)s\u00e3o para o Ndesign. O Ovo de Colombo analisa o erotismo nas HQ&#039;s, na coluna Cobras e Cobr\u00f5es e a troca de experi\u00eancias nas escolas do Paran\u00e1, atrav\u00e9s do Semin\u00e1rio TG. Manifesta o seu n\u00e3o \u00e0 privatiza\u00e7\u00e3o da Universidade e registra a participa\u00e7\u00e3o do CADI-UFPR no congresso da [&hellip;]\" \/>\n<meta property=\"og:url\" content=\"https:\/\/editorainsight.com.br\/livro\/ovo-de-colombo\/catalogo-digital\/fanzine-7\/\" \/>\n<meta property=\"og:site_name\" content=\"Livros da Insight\" \/>\n<meta property=\"article:modified_time\" content=\"2025-06-11T20:15:46+00:00\" \/>\n<meta name=\"twitter:card\" content=\"summary_large_image\" \/>\n<script type=\"application\/ld+json\" class=\"yoast-schema-graph\">{\"@context\":\"https:\/\/schema.org\",\"@graph\":[{\"@type\":\"WebPage\",\"@id\":\"https:\/\/editorainsight.com.br\/livro\/ovo-de-colombo\/catalogo-digital\/fanzine-7\/\",\"url\":\"https:\/\/editorainsight.com.br\/livro\/ovo-de-colombo\/catalogo-digital\/fanzine-7\/\",\"name\":\"Ovo de Colombo - Fanzine 7 - Livros da Insight\",\"isPartOf\":{\"@id\":\"https:\/\/editorainsight.com.br\/livro\/#website\"},\"datePublished\":\"2025-04-25T13:55:23+00:00\",\"dateModified\":\"2025-06-11T20:15:46+00:00\",\"breadcrumb\":{\"@id\":\"https:\/\/editorainsight.com.br\/livro\/ovo-de-colombo\/catalogo-digital\/fanzine-7\/#breadcrumb\"},\"inLanguage\":\"pt-BR\",\"potentialAction\":[{\"@type\":\"ReadAction\",\"target\":[\"https:\/\/editorainsight.com.br\/livro\/ovo-de-colombo\/catalogo-digital\/fanzine-7\/\"]}]},{\"@type\":\"BreadcrumbList\",\"@id\":\"https:\/\/editorainsight.com.br\/livro\/ovo-de-colombo\/catalogo-digital\/fanzine-7\/#breadcrumb\",\"itemListElement\":[{\"@type\":\"ListItem\",\"position\":1,\"name\":\"Home\",\"item\":\"https:\/\/editorainsight.com.br\/livro\/\"},{\"@type\":\"ListItem\",\"position\":2,\"name\":\"Ovo de Colombo\",\"item\":\"https:\/\/editorainsight.com.br\/livro\/ovo-de-colombo\/\"},{\"@type\":\"ListItem\",\"position\":3,\"name\":\"Ovo de Colombo &#8211; Cat\u00e1logo Ovo\",\"item\":\"https:\/\/editorainsight.com.br\/livro\/ovo-de-colombo\/catalogo-digital\/\"},{\"@type\":\"ListItem\",\"position\":4,\"name\":\"Ovo de Colombo &#8211; Fanzine 7\"}]},{\"@type\":\"WebSite\",\"@id\":\"https:\/\/editorainsight.com.br\/livro\/#website\",\"url\":\"https:\/\/editorainsight.com.br\/livro\/\",\"name\":\"Livros da Insight\",\"description\":\"\",\"potentialAction\":[{\"@type\":\"SearchAction\",\"target\":{\"@type\":\"EntryPoint\",\"urlTemplate\":\"https:\/\/editorainsight.com.br\/livro\/?s={search_term_string}\"},\"query-input\":{\"@type\":\"PropertyValueSpecification\",\"valueRequired\":true,\"valueName\":\"search_term_string\"}}],\"inLanguage\":\"pt-BR\"}]}<\/script>\n<!-- \/ Yoast SEO plugin. -->","yoast_head_json":{"title":"Ovo de Colombo - Fanzine 7 - Livros da Insight","robots":{"index":"index","follow":"follow","max-snippet":"max-snippet:-1","max-image-preview":"max-image-preview:large","max-video-preview":"max-video-preview:-1"},"canonical":"https:\/\/editorainsight.com.br\/livro\/ovo-de-colombo\/catalogo-digital\/fanzine-7\/","og_locale":"pt_BR","og_type":"article","og_title":"Ovo de Colombo - Fanzine 7 - Livros da Insight","og_description":"Fanzine Sete Nove e meia semanas de te(n)s\u00e3o para o Ndesign. O Ovo de Colombo analisa o erotismo nas HQ's, na coluna Cobras e Cobr\u00f5es e a troca de experi\u00eancias nas escolas do Paran\u00e1, atrav\u00e9s do Semin\u00e1rio TG. Manifesta o seu n\u00e3o \u00e0 privatiza\u00e7\u00e3o da Universidade e registra a participa\u00e7\u00e3o do CADI-UFPR no congresso da [&hellip;]","og_url":"https:\/\/editorainsight.com.br\/livro\/ovo-de-colombo\/catalogo-digital\/fanzine-7\/","og_site_name":"Livros da Insight","article_modified_time":"2025-06-11T20:15:46+00:00","twitter_card":"summary_large_image","schema":{"@context":"https:\/\/schema.org","@graph":[{"@type":"WebPage","@id":"https:\/\/editorainsight.com.br\/livro\/ovo-de-colombo\/catalogo-digital\/fanzine-7\/","url":"https:\/\/editorainsight.com.br\/livro\/ovo-de-colombo\/catalogo-digital\/fanzine-7\/","name":"Ovo de Colombo - Fanzine 7 - Livros da Insight","isPartOf":{"@id":"https:\/\/editorainsight.com.br\/livro\/#website"},"datePublished":"2025-04-25T13:55:23+00:00","dateModified":"2025-06-11T20:15:46+00:00","breadcrumb":{"@id":"https:\/\/editorainsight.com.br\/livro\/ovo-de-colombo\/catalogo-digital\/fanzine-7\/#breadcrumb"},"inLanguage":"pt-BR","potentialAction":[{"@type":"ReadAction","target":["https:\/\/editorainsight.com.br\/livro\/ovo-de-colombo\/catalogo-digital\/fanzine-7\/"]}]},{"@type":"BreadcrumbList","@id":"https:\/\/editorainsight.com.br\/livro\/ovo-de-colombo\/catalogo-digital\/fanzine-7\/#breadcrumb","itemListElement":[{"@type":"ListItem","position":1,"name":"Home","item":"https:\/\/editorainsight.com.br\/livro\/"},{"@type":"ListItem","position":2,"name":"Ovo de Colombo","item":"https:\/\/editorainsight.com.br\/livro\/ovo-de-colombo\/"},{"@type":"ListItem","position":3,"name":"Ovo de Colombo &#8211; Cat\u00e1logo Ovo","item":"https:\/\/editorainsight.com.br\/livro\/ovo-de-colombo\/catalogo-digital\/"},{"@type":"ListItem","position":4,"name":"Ovo de Colombo &#8211; Fanzine 7"}]},{"@type":"WebSite","@id":"https:\/\/editorainsight.com.br\/livro\/#website","url":"https:\/\/editorainsight.com.br\/livro\/","name":"Livros da Insight","description":"","potentialAction":[{"@type":"SearchAction","target":{"@type":"EntryPoint","urlTemplate":"https:\/\/editorainsight.com.br\/livro\/?s={search_term_string}"},"query-input":{"@type":"PropertyValueSpecification","valueRequired":true,"valueName":"search_term_string"}}],"inLanguage":"pt-BR"}]}},"_links":{"self":[{"href":"https:\/\/editorainsight.com.br\/livro\/wp-json\/wp\/v2\/pages\/377","targetHints":{"allow":["GET"]}}],"collection":[{"href":"https:\/\/editorainsight.com.br\/livro\/wp-json\/wp\/v2\/pages"}],"about":[{"href":"https:\/\/editorainsight.com.br\/livro\/wp-json\/wp\/v2\/types\/page"}],"author":[{"embeddable":true,"href":"https:\/\/editorainsight.com.br\/livro\/wp-json\/wp\/v2\/users\/1"}],"replies":[{"embeddable":true,"href":"https:\/\/editorainsight.com.br\/livro\/wp-json\/wp\/v2\/comments?post=377"}],"version-history":[{"count":11,"href":"https:\/\/editorainsight.com.br\/livro\/wp-json\/wp\/v2\/pages\/377\/revisions"}],"predecessor-version":[{"id":1009,"href":"https:\/\/editorainsight.com.br\/livro\/wp-json\/wp\/v2\/pages\/377\/revisions\/1009"}],"up":[{"embeddable":true,"href":"https:\/\/editorainsight.com.br\/livro\/wp-json\/wp\/v2\/pages\/263"}],"wp:attachment":[{"href":"https:\/\/editorainsight.com.br\/livro\/wp-json\/wp\/v2\/media?parent=377"}],"curies":[{"name":"wp","href":"https:\/\/api.w.org\/{rel}","templated":true}]}}