{"id":387,"date":"2025-04-25T11:54:57","date_gmt":"2025-04-25T14:54:57","guid":{"rendered":"https:\/\/editorainsight.com.br\/livro\/?page_id=387"},"modified":"2025-06-27T13:14:49","modified_gmt":"2025-06-27T16:14:49","slug":"vai-zine","status":"publish","type":"page","link":"https:\/\/editorainsight.com.br\/livro\/ovo-de-colombo\/vai-zine\/","title":{"rendered":"Ovo de Colombo &#8211; Vai Zine"},"content":{"rendered":"<p>[et_pb_section fb_built=&#8221;1&#8243; fullwidth=&#8221;on&#8221; _builder_version=&#8221;4.27.4&#8243; _module_preset=&#8221;default&#8221; background_image=&#8221;https:\/\/editorainsight.com.br\/livro\/wp-content\/uploads\/2025\/04\/barra-final.png&#8221; global_colors_info=&#8221;{}&#8221;][et_pb_fullwidth_menu dropdown_menu_line_color=&#8221;#E02B20&#8243; dropdown_menu_text_color=&#8221;#636363&#8243; dropdown_menu_active_link_color=&#8221;#E02B20&#8243; mobile_menu_bg_color=&#8221;#FFFFFF&#8221; mobile_menu_text_color=&#8221;#6d6d6d&#8221; logo=&#8221;https:\/\/editorainsight.com.br\/livro\/wp-content\/uploads\/2025\/04\/Marca-OVO_horizontal.png&#8221; logo_width=&#8221;32%&#8221; cart_icon_color=&#8221;#000000&#8243; search_icon_color=&#8221;#000000&#8243; menu_icon_color=&#8221;#000000&#8243; logo_tablet=&#8221;https:\/\/editorainsight.com.br\/livro\/wp-content\/uploads\/2025\/04\/Marca-OVO_horizontal.png&#8221; logo_phone=&#8221;https:\/\/editorainsight.com.br\/livro\/wp-content\/uploads\/2025\/04\/Marca-OVO_horizontal.png&#8221; logo_last_edited=&#8221;on|desktop&#8221; logo_width_tablet=&#8221;32%&#8221; logo_width_phone=&#8221;100%&#8221; logo_width_last_edited=&#8221;on|desktop&#8221; _builder_version=&#8221;4.27.4&#8243; _module_preset=&#8221;default&#8221; menu_font=&#8221;Barriecito||||||||&#8221; menu_font_size=&#8221;18px&#8221; menu_line_height=&#8221;1.1em&#8221; background_image=&#8221;https:\/\/editorainsight.com.br\/livro\/wp-content\/uploads\/2025\/04\/textura-fundo_Vai-Zine-scaled.jpg&#8221; text_orientation=&#8221;center&#8221; custom_margin=&#8221;||-14px||false|false&#8221; custom_margin_tablet=&#8221;||-14px||false|false&#8221; custom_margin_phone=&#8221;-15px||-15px||false|false&#8221; custom_margin_last_edited=&#8221;on|desktop&#8221; sticky_position=&#8221;top&#8221; menu_font_size_tablet=&#8221;18px&#8221; menu_font_size_phone=&#8221;13px&#8221; menu_font_size_last_edited=&#8221;on|phone&#8221; module_alignment_tablet=&#8221;&#8221; module_alignment_phone=&#8221;center&#8221; module_alignment_last_edited=&#8221;on|phone&#8221; global_colors_info=&#8221;{}&#8221;][\/et_pb_fullwidth_menu][\/et_pb_section][et_pb_section fb_built=&#8221;1&#8243; _builder_version=&#8221;4.27.4&#8243; _module_preset=&#8221;default&#8221; background_image=&#8221;https:\/\/editorainsight.com.br\/livro\/wp-content\/uploads\/2025\/04\/textura-fundo_Vai-Zine-scaled.jpg&#8221; background_position=&#8221;top_center&#8221; custom_margin=&#8221;2px|||||&#8221; custom_padding=&#8221;46px||30px|||&#8221; global_colors_info=&#8221;{}&#8221;][et_pb_row _builder_version=&#8221;4.27.4&#8243; _module_preset=&#8221;default&#8221; background_color=&#8221;RGBA(255,255,255,0)&#8221; width=&#8221;100%&#8221; width_tablet=&#8221;100%&#8221; width_phone=&#8221;90%&#8221; width_last_edited=&#8221;on|phone&#8221; max_width_tablet=&#8221;&#8221; max_width_phone=&#8221;&#8221; max_width_last_edited=&#8221;on|desktop&#8221; custom_padding=&#8221;0px|||||&#8221; global_colors_info=&#8221;{}&#8221;][et_pb_column type=&#8221;4_4&#8243; _builder_version=&#8221;4.27.4&#8243; _module_preset=&#8221;default&#8221; global_colors_info=&#8221;{}&#8221;][et_pb_image src=&#8221;https:\/\/editorainsight.com.br\/livro\/wp-content\/uploads\/2025\/04\/Vai-Zine-logo_fundo-vermelho-scaled.png&#8221; title_text=&#8221;Vai Zine logo_fundo vermelho&#8221; _builder_version=&#8221;4.27.4&#8243; _module_preset=&#8221;default&#8221; custom_margin=&#8221;||-46px|||&#8221; custom_margin_tablet=&#8221;||-46px|||&#8221; custom_margin_phone=&#8221;||-46px||false|false&#8221; custom_margin_last_edited=&#8221;on|desktop&#8221; custom_padding=&#8221;||0px|||&#8221; global_colors_info=&#8221;{}&#8221;][\/et_pb_image][\/et_pb_column][\/et_pb_row][et_pb_row _builder_version=&#8221;4.27.4&#8243; _module_preset=&#8221;default&#8221; global_colors_info=&#8221;{}&#8221;][et_pb_column type=&#8221;4_4&#8243; _builder_version=&#8221;4.27.4&#8243; _module_preset=&#8221;default&#8221; global_colors_info=&#8221;{}&#8221;][et_pb_text _builder_version=&#8221;4.27.4&#8243; _module_preset=&#8221;default&#8221; text_text_color=&#8221;#000000&#8243; text_font_size=&#8221;20px&#8221; header_font=&#8221;Barriecito||||||||&#8221; header_font_size=&#8221;45px&#8221; background_color=&#8221;RGBA(255,255,255,0)&#8221; background_image=&#8221;https:\/\/editorainsight.com.br\/livro\/wp-content\/uploads\/2025\/04\/Textura-papel_Vai-Zine.png&#8221; module_alignment=&#8221;center&#8221; custom_margin=&#8221;||-100px||false|false&#8221; custom_padding=&#8221;45px|60px|45px|60px|false|false&#8221; custom_padding_tablet=&#8221;45px|60px|45px|60px|false|false&#8221; custom_padding_phone=&#8221;65px|15px|50px|15px|false|false&#8221; custom_padding_last_edited=&#8221;on|phone&#8221; text_font_size_tablet=&#8221;20px&#8221; text_font_size_phone=&#8221;14px&#8221; text_font_size_last_edited=&#8221;on|phone&#8221; header_font_size_tablet=&#8221;45px&#8221; header_font_size_phone=&#8221;30px&#8221; header_font_size_last_edited=&#8221;on|phone&#8221; global_colors_info=&#8221;{}&#8221;]<\/p>\n<p style=\"text-align: left;\"><strong>Vai, zine!<\/strong> \u00e9 uma exposi\u00e7\u00e3o paralela a do <strong>Fanzine Ovo de Colombo<\/strong>, e comp\u00f5e a comemora\u00e7\u00e3o dos <strong>50 anos do curso de Design da UFPR<\/strong>. A iniciativa re\u00fane produ\u00e7\u00f5es recebidas de diferentes regi\u00f5es do Brasil, evidenciando a diversidade de formatos, narrativas e est\u00e9ticas presentes na cena independente dos fanzines. A proposta \u00e9 dar visibilidade a trabalhos autorais \u2014 individuais ou coletivos, impressos ou digitais \u2014 que exploram o fanzine como linguagem expressiva, experimental e acess\u00edvel. Ao aproximar produ\u00e7\u00f5es de dentro e fora da universidade, <strong>Vai, zine!<\/strong> refor\u00e7a o compromisso com o interc\u00e2mbio cultural e o fortalecimento de redes criativas. A a\u00e7\u00e3o \u00e9 organizada pelo projeto de extens\u00e3o \u2013 <strong>Service Lab Design da UFPR<\/strong> \u2013 sob coordena\u00e7\u00e3o do Naotake Fukushima.<\/p>\n<p style=\"text-align: right;\">Dia <strong>22\/05<\/strong> (quinta-feira) \u00e0s <strong>19h<\/strong><br \/><em>Na Sala de Exposi\u00e7\u00f5es ARTE, DESIGN &amp; CIA<\/em><br \/><em>Localizada no Pr\u00e9dio D. Pedro I.<\/em><br \/><em>R. Gen. Carneiro \u2013 Centro, Curitiba \u2013 PR<\/em><\/p>\n<p>[\/et_pb_text][\/et_pb_column][\/et_pb_row][et_pb_row _builder_version=&#8221;4.27.4&#8243; _module_preset=&#8221;default&#8221; width_tablet=&#8221;&#8221; width_phone=&#8221;100%&#8221; width_last_edited=&#8221;on|desktop&#8221; custom_margin=&#8221;50px||60px||false|false&#8221; custom_margin_tablet=&#8221;50px||60px||false|false&#8221; custom_margin_phone=&#8221;25px||25px||false|false&#8221; custom_margin_last_edited=&#8221;on|desktop&#8221; global_colors_info=&#8221;{}&#8221;][et_pb_column type=&#8221;4_4&#8243; _builder_version=&#8221;4.27.4&#8243; _module_preset=&#8221;default&#8221; global_colors_info=&#8221;{}&#8221;][et_pb_image src=&#8221;https:\/\/editorainsight.com.br\/livro\/wp-content\/uploads\/2025\/04\/Orelha-scaled.png&#8221; title_text=&#8221;Orelha&#8221; align=&#8221;center&#8221; _builder_version=&#8221;4.27.4&#8243; _module_preset=&#8221;default&#8221; width=&#8221;50%&#8221; width_tablet=&#8221;50%&#8221; width_phone=&#8221;50%&#8221; width_last_edited=&#8221;on|phone&#8221; custom_margin=&#8221;||-100px|||&#8221; custom_margin_tablet=&#8221;||-100px|||&#8221; custom_margin_phone=&#8221;||-50px||false|false&#8221; custom_margin_last_edited=&#8221;on|phone&#8221; custom_padding=&#8221;0px|0px|0px|||&#8221; custom_padding_last_edited=&#8221;off|desktop&#8221; global_colors_info=&#8221;{}&#8221;][\/et_pb_image][\/et_pb_column][\/et_pb_row][et_pb_row _builder_version=&#8221;4.27.4&#8243; _module_preset=&#8221;default&#8221; global_colors_info=&#8221;{}&#8221;][et_pb_column type=&#8221;4_4&#8243; _builder_version=&#8221;4.27.4&#8243; _module_preset=&#8221;default&#8221; global_colors_info=&#8221;{}&#8221;][et_pb_text _builder_version=&#8221;4.27.4&#8243; _module_preset=&#8221;default&#8221; text_font=&#8221;Barriecito||||||||&#8221; text_text_color=&#8221;#E02B20&#8243; text_font_size=&#8221;31px&#8221; header_font_size=&#8221;50px&#8221; hover_enabled=&#8221;0&#8243; header_font_size_tablet=&#8221;50px&#8221; header_font_size_phone=&#8221;23px&#8221; header_font_size_last_edited=&#8221;on|phone&#8221; global_colors_info=&#8221;{}&#8221; sticky_enabled=&#8221;0&#8243;]<\/p>\n<h1 style=\"text-align: center;\">Fotos da abertura da exposi\u00e7\u00e3o<\/h1>\n<p>[\/et_pb_text][et_pb_gallery gallery_ids=&#8221;1045,1046,1047,1048,1049,1050,1051,1052,1053,1054,1055,1056,1057,1058,1059,1060,1061,1062,1063,1064,1065,1066,1067,1068,1069,1070,1071,1025,1026,1027,1028,1029,1030,1031,1032,1033,1034,1035,1036,1037,1038,1039,1040,1041,1043,1042,1044&#8243; fullwidth=&#8221;on&#8221; _builder_version=&#8221;4.27.4&#8243; _module_preset=&#8221;default&#8221; title_font=&#8221;Barriecito||||||||&#8221; custom_margin=&#8221;||||false|false&#8221; custom_margin_tablet=&#8221;||||false|false&#8221; custom_margin_phone=&#8221;-20px||||false|false&#8221; custom_margin_last_edited=&#8221;on|desktop&#8221; global_colors_info=&#8221;{}&#8221;][\/et_pb_gallery][\/et_pb_column][\/et_pb_row][et_pb_row _builder_version=&#8221;4.27.4&#8243; _module_preset=&#8221;default&#8221; global_colors_info=&#8221;{}&#8221;][et_pb_column type=&#8221;4_4&#8243; _builder_version=&#8221;4.27.4&#8243; _module_preset=&#8221;default&#8221; global_colors_info=&#8221;{}&#8221;][et_pb_button button_url=&#8221;https:\/\/drive.google.com\/drive\/folders\/1d4tgm5Jc1j3-Edho044MR2L7KUWAmnmz?usp=sharing&#8221; url_new_window=&#8221;on&#8221; button_text=&#8221;Cat\u00e1logo VAI, ZINE!&#8221; button_alignment=&#8221;center&#8221; _builder_version=&#8221;4.27.4&#8243; _module_preset=&#8221;default&#8221; custom_button=&#8221;on&#8221; button_text_size=&#8221;30px&#8221; button_text_color=&#8221;#FFFFFF&#8221; button_bg_color=&#8221;#0C71C3&#8243; button_border_width=&#8221;0px&#8221; button_border_color=&#8221;#FFFFFF&#8221; button_border_radius=&#8221;15px&#8221; button_font=&#8221;Barriecito||||||||&#8221; custom_margin=&#8221;||50px|||&#8221; custom_margin_tablet=&#8221;||50px|||&#8221; custom_margin_phone=&#8221;-60px||0px||false|false&#8221; custom_margin_last_edited=&#8221;on|desktop&#8221; button_text_size_tablet=&#8221;30px&#8221; button_text_size_phone=&#8221;20px&#8221; button_text_size_last_edited=&#8221;on|phone&#8221; box_shadow_style=&#8221;preset1&#8243; global_colors_info=&#8221;{}&#8221;][\/et_pb_button][\/et_pb_column][\/et_pb_row][\/et_pb_section][et_pb_section fb_built=&#8221;1&#8243; _builder_version=&#8221;4.27.4&#8243; _module_preset=&#8221;default&#8221; background_color=&#8221;RGBA(255,255,255,0)&#8221; background_image=&#8221;https:\/\/editorainsight.com.br\/livro\/wp-content\/uploads\/2025\/04\/barra-final.png&#8221; background_position=&#8221;top_left&#8221; background_horizontal_offset=&#8221;0%&#8221; min_height=&#8221;224.1px&#8221; custom_margin=&#8221;-46px|||||&#8221; custom_padding=&#8221;0px||0px|||&#8221; global_colors_info=&#8221;{}&#8221;][et_pb_row column_structure=&#8221;3_5,2_5&#8243; _builder_version=&#8221;4.27.4&#8243; _module_preset=&#8221;default&#8221; custom_padding=&#8221;||0px|||&#8221; global_colors_info=&#8221;{}&#8221;][et_pb_column type=&#8221;3_5&#8243; _builder_version=&#8221;4.27.4&#8243; _module_preset=&#8221;default&#8221; global_colors_info=&#8221;{}&#8221;][et_pb_social_media_follow use_icon_font_size=&#8221;on&#8221; icon_font_size=&#8221;25px&#8221; icon_font_size_tablet=&#8221;25px&#8221; icon_font_size_phone=&#8221;16px&#8221; icon_font_size_last_edited=&#8221;on|phone&#8221; _builder_version=&#8221;4.27.4&#8243; _module_preset=&#8221;default&#8221; text_orientation=&#8221;center&#8221; custom_margin=&#8221;||4px||false|false&#8221; custom_margin_tablet=&#8221;||4px||false|false&#8221; custom_margin_phone=&#8221;||-25px||false|false&#8221; custom_margin_last_edited=&#8221;on|phone&#8221; custom_padding=&#8221;24px|||||&#8221; custom_padding_tablet=&#8221;24px|||||&#8221; custom_padding_phone=&#8221;10px||||false|false&#8221; custom_padding_last_edited=&#8221;on|desktop&#8221; global_colors_info=&#8221;{}&#8221;][et_pb_social_media_follow_network social_network=&#8221;instagram&#8221; url=&#8221;https:\/\/www.instagram.com\/insighteditora\/&#8221; _builder_version=&#8221;4.27.4&#8243; _module_preset=&#8221;default&#8221; background_color=&#8221;#ea2c59&#8243; global_colors_info=&#8221;{}&#8221; follow_button=&#8221;off&#8221; url_new_window=&#8221;on&#8221;]instagram[\/et_pb_social_media_follow_network][et_pb_social_media_follow_network social_network=&#8221;youtube&#8221; url=&#8221;https:\/\/www.youtube.com\/@EditoraInsight&#8221; _builder_version=&#8221;4.27.4&#8243; _module_preset=&#8221;default&#8221; background_color=&#8221;#a82400&#8243; global_colors_info=&#8221;{}&#8221; follow_button=&#8221;off&#8221; url_new_window=&#8221;on&#8221;]youtube[\/et_pb_social_media_follow_network][et_pb_social_media_follow_network social_network=&#8221;whatsapp&#8221; url=&#8221;https:\/\/api.whatsapp.com\/send?phone=554188356242&#038;text=Oi%2C%20estou%20com%20uma%20d%C3%BAvida..&#8221; _builder_version=&#8221;4.27.4&#8243; _module_preset=&#8221;default&#8221; background_color=&#8221;#25D366&#8243; global_colors_info=&#8221;{}&#8221; follow_button=&#8221;off&#8221; url_new_window=&#8221;on&#8221;]whatsapp[\/et_pb_social_media_follow_network][et_pb_social_media_follow_network social_network=&#8221;facebook&#8221; url=&#8221;https:\/\/www.facebook.com\/editoraInsight&#8221; _builder_version=&#8221;4.27.4&#8243; _module_preset=&#8221;default&#8221; background_color=&#8221;#3b5998&#8243; global_colors_info=&#8221;{}&#8221; follow_button=&#8221;off&#8221; url_new_window=&#8221;on&#8221;]facebook[\/et_pb_social_media_follow_network][\/et_pb_social_media_follow][\/et_pb_column][et_pb_column type=&#8221;2_5&#8243; _builder_version=&#8221;4.27.4&#8243; _module_preset=&#8221;default&#8221; global_colors_info=&#8221;{}&#8221;][et_pb_text _builder_version=&#8221;4.27.4&#8243; _module_preset=&#8221;default&#8221; text_font_size=&#8221;19px&#8221; width=&#8221;100%&#8221; custom_margin=&#8221;||||false|false&#8221; custom_margin_tablet=&#8221;||||false|false&#8221; custom_margin_phone=&#8221;||||false|false&#8221; custom_margin_last_edited=&#8221;on|desktop&#8221; custom_padding=&#8221;35px||||false|false&#8221; custom_padding_tablet=&#8221;35px||||false|false&#8221; custom_padding_phone=&#8221;0px||||false|false&#8221; custom_padding_last_edited=&#8221;on|phone&#8221; text_font_size_tablet=&#8221;20px&#8221; text_font_size_phone=&#8221;14px&#8221; text_font_size_last_edited=&#8221;on|phone&#8221; global_colors_info=&#8221;{}&#8221;]<\/p>\n<p style=\"text-align: center;\"><strong>Contato:<\/strong> <a href=\"mailto:contatoeditorainsight@gmail.com\">contatoeditorainsight@gmail.com<\/a><\/p>\n<p>[\/et_pb_text][\/et_pb_column][\/et_pb_row][et_pb_row custom_padding_last_edited=&#8221;on|phone&#8221; _builder_version=&#8221;4.27.4&#8243; _module_preset=&#8221;default&#8221; custom_margin=&#8221;-11px|auto||auto||&#8221; custom_margin_tablet=&#8221;-11px|auto||auto||&#8221; custom_margin_phone=&#8221;-33px|auto|19px|auto|false|false&#8221; custom_margin_last_edited=&#8221;on|phone&#8221; custom_padding=&#8221;0px||||false|false&#8221; custom_padding_tablet=&#8221;0px||||false|false&#8221; custom_padding_phone=&#8221;0px||0px||false|false&#8221; global_colors_info=&#8221;{}&#8221;][et_pb_column type=&#8221;4_4&#8243; _builder_version=&#8221;4.27.4&#8243; _module_preset=&#8221;default&#8221; global_colors_info=&#8221;{}&#8221;][et_pb_image src=&#8221;https:\/\/editorainsight.com.br\/livro\/wp-content\/uploads\/2025\/06\/BARRA-DE-LOGOS_preto-scaled.png&#8221; title_text=&#8221;BARRA DE LOGOS_preto&#8221; _builder_version=&#8221;4.27.4&#8243; _module_preset=&#8221;default&#8221; custom_padding=&#8221;15px|||||&#8221; global_colors_info=&#8221;{}&#8221;][\/et_pb_image][\/et_pb_column][\/et_pb_row][\/et_pb_section]<\/p>\n","protected":false},"excerpt":{"rendered":"<p>Vai, zine! \u00e9 uma exposi\u00e7\u00e3o paralela a do Fanzine Ovo de Colombo, e comp\u00f5e a comemora\u00e7\u00e3o dos 50 anos do curso de Design da UFPR. A iniciativa re\u00fane produ\u00e7\u00f5es recebidas de diferentes regi\u00f5es do Brasil, evidenciando a diversidade de formatos, narrativas e est\u00e9ticas presentes na cena independente dos fanzines. A proposta \u00e9 dar visibilidade a [&hellip;]<\/p>\n","protected":false},"author":1,"featured_media":0,"parent":233,"menu_order":0,"comment_status":"closed","ping_status":"closed","template":"","meta":{"_et_pb_use_builder":"on","_et_pb_old_content":"","_et_gb_content_width":"","footnotes":""},"class_list":["post-387","page","type-page","status-publish","hentry"],"yoast_head":"<!-- This site is optimized with the Yoast SEO plugin v23.6 - https:\/\/yoast.com\/wordpress\/plugins\/seo\/ -->\n<title>Ovo de Colombo - Vai Zine - Livros da Insight<\/title>\n<meta name=\"robots\" content=\"index, follow, max-snippet:-1, max-image-preview:large, max-video-preview:-1\" \/>\n<link rel=\"canonical\" href=\"https:\/\/editorainsight.com.br\/livro\/ovo-de-colombo\/vai-zine\/\" \/>\n<meta property=\"og:locale\" content=\"pt_BR\" \/>\n<meta property=\"og:type\" content=\"article\" \/>\n<meta property=\"og:title\" content=\"Ovo de Colombo - Vai Zine - Livros da Insight\" \/>\n<meta property=\"og:description\" content=\"Vai, zine! \u00e9 uma exposi\u00e7\u00e3o paralela a do Fanzine Ovo de Colombo, e comp\u00f5e a comemora\u00e7\u00e3o dos 50 anos do curso de Design da UFPR. A iniciativa re\u00fane produ\u00e7\u00f5es recebidas de diferentes regi\u00f5es do Brasil, evidenciando a diversidade de formatos, narrativas e est\u00e9ticas presentes na cena independente dos fanzines. A proposta \u00e9 dar visibilidade a [&hellip;]\" \/>\n<meta property=\"og:url\" content=\"https:\/\/editorainsight.com.br\/livro\/ovo-de-colombo\/vai-zine\/\" \/>\n<meta property=\"og:site_name\" content=\"Livros da Insight\" \/>\n<meta property=\"article:modified_time\" content=\"2025-06-27T16:14:49+00:00\" \/>\n<meta name=\"twitter:card\" content=\"summary_large_image\" \/>\n<script type=\"application\/ld+json\" class=\"yoast-schema-graph\">{\"@context\":\"https:\/\/schema.org\",\"@graph\":[{\"@type\":\"WebPage\",\"@id\":\"https:\/\/editorainsight.com.br\/livro\/ovo-de-colombo\/vai-zine\/\",\"url\":\"https:\/\/editorainsight.com.br\/livro\/ovo-de-colombo\/vai-zine\/\",\"name\":\"Ovo de Colombo - Vai Zine - Livros da Insight\",\"isPartOf\":{\"@id\":\"https:\/\/editorainsight.com.br\/livro\/#website\"},\"datePublished\":\"2025-04-25T14:54:57+00:00\",\"dateModified\":\"2025-06-27T16:14:49+00:00\",\"breadcrumb\":{\"@id\":\"https:\/\/editorainsight.com.br\/livro\/ovo-de-colombo\/vai-zine\/#breadcrumb\"},\"inLanguage\":\"pt-BR\",\"potentialAction\":[{\"@type\":\"ReadAction\",\"target\":[\"https:\/\/editorainsight.com.br\/livro\/ovo-de-colombo\/vai-zine\/\"]}]},{\"@type\":\"BreadcrumbList\",\"@id\":\"https:\/\/editorainsight.com.br\/livro\/ovo-de-colombo\/vai-zine\/#breadcrumb\",\"itemListElement\":[{\"@type\":\"ListItem\",\"position\":1,\"name\":\"Home\",\"item\":\"https:\/\/editorainsight.com.br\/livro\/\"},{\"@type\":\"ListItem\",\"position\":2,\"name\":\"Ovo de Colombo\",\"item\":\"https:\/\/editorainsight.com.br\/livro\/ovo-de-colombo\/\"},{\"@type\":\"ListItem\",\"position\":3,\"name\":\"Ovo de Colombo &#8211; Vai Zine\"}]},{\"@type\":\"WebSite\",\"@id\":\"https:\/\/editorainsight.com.br\/livro\/#website\",\"url\":\"https:\/\/editorainsight.com.br\/livro\/\",\"name\":\"Livros da Insight\",\"description\":\"\",\"potentialAction\":[{\"@type\":\"SearchAction\",\"target\":{\"@type\":\"EntryPoint\",\"urlTemplate\":\"https:\/\/editorainsight.com.br\/livro\/?s={search_term_string}\"},\"query-input\":{\"@type\":\"PropertyValueSpecification\",\"valueRequired\":true,\"valueName\":\"search_term_string\"}}],\"inLanguage\":\"pt-BR\"}]}<\/script>\n<!-- \/ Yoast SEO plugin. -->","yoast_head_json":{"title":"Ovo de Colombo - Vai Zine - Livros da Insight","robots":{"index":"index","follow":"follow","max-snippet":"max-snippet:-1","max-image-preview":"max-image-preview:large","max-video-preview":"max-video-preview:-1"},"canonical":"https:\/\/editorainsight.com.br\/livro\/ovo-de-colombo\/vai-zine\/","og_locale":"pt_BR","og_type":"article","og_title":"Ovo de Colombo - Vai Zine - Livros da Insight","og_description":"Vai, zine! \u00e9 uma exposi\u00e7\u00e3o paralela a do Fanzine Ovo de Colombo, e comp\u00f5e a comemora\u00e7\u00e3o dos 50 anos do curso de Design da UFPR. A iniciativa re\u00fane produ\u00e7\u00f5es recebidas de diferentes regi\u00f5es do Brasil, evidenciando a diversidade de formatos, narrativas e est\u00e9ticas presentes na cena independente dos fanzines. A proposta \u00e9 dar visibilidade a [&hellip;]","og_url":"https:\/\/editorainsight.com.br\/livro\/ovo-de-colombo\/vai-zine\/","og_site_name":"Livros da Insight","article_modified_time":"2025-06-27T16:14:49+00:00","twitter_card":"summary_large_image","schema":{"@context":"https:\/\/schema.org","@graph":[{"@type":"WebPage","@id":"https:\/\/editorainsight.com.br\/livro\/ovo-de-colombo\/vai-zine\/","url":"https:\/\/editorainsight.com.br\/livro\/ovo-de-colombo\/vai-zine\/","name":"Ovo de Colombo - Vai Zine - Livros da Insight","isPartOf":{"@id":"https:\/\/editorainsight.com.br\/livro\/#website"},"datePublished":"2025-04-25T14:54:57+00:00","dateModified":"2025-06-27T16:14:49+00:00","breadcrumb":{"@id":"https:\/\/editorainsight.com.br\/livro\/ovo-de-colombo\/vai-zine\/#breadcrumb"},"inLanguage":"pt-BR","potentialAction":[{"@type":"ReadAction","target":["https:\/\/editorainsight.com.br\/livro\/ovo-de-colombo\/vai-zine\/"]}]},{"@type":"BreadcrumbList","@id":"https:\/\/editorainsight.com.br\/livro\/ovo-de-colombo\/vai-zine\/#breadcrumb","itemListElement":[{"@type":"ListItem","position":1,"name":"Home","item":"https:\/\/editorainsight.com.br\/livro\/"},{"@type":"ListItem","position":2,"name":"Ovo de Colombo","item":"https:\/\/editorainsight.com.br\/livro\/ovo-de-colombo\/"},{"@type":"ListItem","position":3,"name":"Ovo de Colombo &#8211; Vai Zine"}]},{"@type":"WebSite","@id":"https:\/\/editorainsight.com.br\/livro\/#website","url":"https:\/\/editorainsight.com.br\/livro\/","name":"Livros da Insight","description":"","potentialAction":[{"@type":"SearchAction","target":{"@type":"EntryPoint","urlTemplate":"https:\/\/editorainsight.com.br\/livro\/?s={search_term_string}"},"query-input":{"@type":"PropertyValueSpecification","valueRequired":true,"valueName":"search_term_string"}}],"inLanguage":"pt-BR"}]}},"_links":{"self":[{"href":"https:\/\/editorainsight.com.br\/livro\/wp-json\/wp\/v2\/pages\/387","targetHints":{"allow":["GET"]}}],"collection":[{"href":"https:\/\/editorainsight.com.br\/livro\/wp-json\/wp\/v2\/pages"}],"about":[{"href":"https:\/\/editorainsight.com.br\/livro\/wp-json\/wp\/v2\/types\/page"}],"author":[{"embeddable":true,"href":"https:\/\/editorainsight.com.br\/livro\/wp-json\/wp\/v2\/users\/1"}],"replies":[{"embeddable":true,"href":"https:\/\/editorainsight.com.br\/livro\/wp-json\/wp\/v2\/comments?post=387"}],"version-history":[{"count":20,"href":"https:\/\/editorainsight.com.br\/livro\/wp-json\/wp\/v2\/pages\/387\/revisions"}],"predecessor-version":[{"id":1078,"href":"https:\/\/editorainsight.com.br\/livro\/wp-json\/wp\/v2\/pages\/387\/revisions\/1078"}],"up":[{"embeddable":true,"href":"https:\/\/editorainsight.com.br\/livro\/wp-json\/wp\/v2\/pages\/233"}],"wp:attachment":[{"href":"https:\/\/editorainsight.com.br\/livro\/wp-json\/wp\/v2\/media?parent=387"}],"curies":[{"name":"wp","href":"https:\/\/api.w.org\/{rel}","templated":true}]}}