{"id":798,"date":"2025-05-16T12:08:59","date_gmt":"2025-05-16T15:08:59","guid":{"rendered":"https:\/\/editorainsight.com.br\/livro\/?page_id=798"},"modified":"2025-06-11T17:18:17","modified_gmt":"2025-06-11T20:18:17","slug":"creditos","status":"publish","type":"page","link":"https:\/\/editorainsight.com.br\/livro\/ovo-de-colombo\/creditos\/","title":{"rendered":"Cr\u00e9ditos"},"content":{"rendered":"<p>[et_pb_section fb_built=&#8221;1&#8243; fullwidth=&#8221;on&#8221; _builder_version=&#8221;4.27.4&#8243; _module_preset=&#8221;default&#8221; background_image=&#8221;https:\/\/editorainsight.com.br\/livro\/wp-content\/uploads\/2025\/04\/barra-final.png&#8221; global_colors_info=&#8221;{}&#8221;][et_pb_fullwidth_menu dropdown_menu_line_color=&#8221;#E02B20&#8243; dropdown_menu_text_color=&#8221;#636363&#8243; dropdown_menu_active_link_color=&#8221;#E02B20&#8243; mobile_menu_bg_color=&#8221;#FFFFFF&#8221; mobile_menu_text_color=&#8221;#6d6d6d&#8221; logo=&#8221;https:\/\/editorainsight.com.br\/livro\/wp-content\/uploads\/2025\/04\/Marca-OVO_horizontal.png&#8221; logo_width=&#8221;32%&#8221; cart_icon_color=&#8221;#000000&#8243; search_icon_color=&#8221;#000000&#8243; menu_icon_color=&#8221;#000000&#8243; logo_tablet=&#8221;https:\/\/editorainsight.com.br\/livro\/wp-content\/uploads\/2025\/04\/Marca-OVO_horizontal.png&#8221; logo_phone=&#8221;https:\/\/editorainsight.com.br\/livro\/wp-content\/uploads\/2025\/04\/Marca-OVO_horizontal.png&#8221; logo_last_edited=&#8221;on|desktop&#8221; logo_width_tablet=&#8221;32%&#8221; logo_width_phone=&#8221;100%&#8221; logo_width_last_edited=&#8221;on|desktop&#8221; _builder_version=&#8221;4.27.4&#8243; _module_preset=&#8221;default&#8221; menu_font=&#8221;Barriecito||||||||&#8221; menu_font_size=&#8221;18px&#8221; menu_line_height=&#8221;1.1em&#8221; background_image=&#8221;https:\/\/editorainsight.com.br\/livro\/wp-content\/uploads\/2025\/04\/textura-fundo_Vai-Zine-scaled.jpg&#8221; text_orientation=&#8221;center&#8221; custom_margin=&#8221;||-14px||false|false&#8221; custom_margin_tablet=&#8221;||-14px||false|false&#8221; custom_margin_phone=&#8221;-15px||-15px||false|false&#8221; custom_margin_last_edited=&#8221;on|desktop&#8221; sticky_position=&#8221;top&#8221; menu_font_size_tablet=&#8221;18px&#8221; menu_font_size_phone=&#8221;13px&#8221; menu_font_size_last_edited=&#8221;on|phone&#8221; module_alignment_tablet=&#8221;&#8221; module_alignment_phone=&#8221;center&#8221; module_alignment_last_edited=&#8221;on|phone&#8221; global_colors_info=&#8221;{}&#8221;][\/et_pb_fullwidth_menu][\/et_pb_section][et_pb_section fb_built=&#8221;1&#8243; _builder_version=&#8221;4.27.4&#8243; _module_preset=&#8221;default&#8221; background_image=&#8221;https:\/\/editorainsight.com.br\/livro\/wp-content\/uploads\/2025\/04\/fundo-site_CORRETO-scaled.jpg&#8221; background_position=&#8221;top_center&#8221; custom_margin=&#8221;2px|||||&#8221; custom_padding=&#8221;46px||30px|||&#8221; global_colors_info=&#8221;{}&#8221;][et_pb_row custom_padding_last_edited=&#8221;on|desktop&#8221; _builder_version=&#8221;4.27.4&#8243; _module_preset=&#8221;default&#8221; background_color=&#8221;RGBA(255,255,255,0)&#8221; width=&#8221;100%&#8221; width_tablet=&#8221;100%&#8221; width_phone=&#8221;90%&#8221; width_last_edited=&#8221;on|phone&#8221; max_width_tablet=&#8221;&#8221; max_width_phone=&#8221;&#8221; max_width_last_edited=&#8221;on|desktop&#8221; custom_padding=&#8221;0px||||false|false&#8221; custom_padding_tablet=&#8221;0px||||false|false&#8221; custom_padding_phone=&#8221;0px||||false|false&#8221; global_colors_info=&#8221;{}&#8221;][et_pb_column type=&#8221;4_4&#8243; _builder_version=&#8221;4.27.4&#8243; _module_preset=&#8221;default&#8221; global_colors_info=&#8221;{}&#8221;][et_pb_image src=&#8221;https:\/\/editorainsight.com.br\/livro\/wp-content\/uploads\/2025\/05\/Creditos.png&#8221; title_text=&#8221;Cr\u00e9ditos&#8221; _builder_version=&#8221;4.27.4&#8243; _module_preset=&#8221;default&#8221; custom_margin=&#8221;||-46px|||&#8221; custom_margin_tablet=&#8221;||-46px|||&#8221; custom_margin_phone=&#8221;||-46px||false|false&#8221; custom_margin_last_edited=&#8221;on|desktop&#8221; custom_padding=&#8221;||0px|||&#8221; global_colors_info=&#8221;{}&#8221;][\/et_pb_image][\/et_pb_column][\/et_pb_row][et_pb_row _builder_version=&#8221;4.27.4&#8243; _module_preset=&#8221;default&#8221; custom_margin_tablet=&#8221;&#8221; custom_margin_phone=&#8221;||-22px||false|false&#8221; custom_margin_last_edited=&#8221;on|desktop&#8221; global_colors_info=&#8221;{}&#8221;][et_pb_column type=&#8221;4_4&#8243; _builder_version=&#8221;4.27.4&#8243; _module_preset=&#8221;default&#8221; global_colors_info=&#8221;{}&#8221;][et_pb_text _builder_version=&#8221;4.27.4&#8243; _module_preset=&#8221;default&#8221; text_text_color=&#8221;#000000&#8243; text_font_size=&#8221;20px&#8221; header_font=&#8221;Barriecito||||||||&#8221; header_text_color=&#8221;#119128&#8243; header_font_size=&#8221;45px&#8221; header_2_font=&#8221;Barriecito||||||||&#8221; header_2_text_color=&#8221;#3b077f&#8221; background_color=&#8221;RGBA(255,255,255,0)&#8221; background_image=&#8221;https:\/\/editorainsight.com.br\/livro\/wp-content\/uploads\/2025\/04\/textura-papel-4.png&#8221; module_alignment=&#8221;center&#8221; custom_margin=&#8221;||||false|false&#8221; custom_margin_tablet=&#8221;||||false|false&#8221; custom_margin_phone=&#8221;||||false|false&#8221; custom_margin_last_edited=&#8221;on|desktop&#8221; custom_padding=&#8221;100px|60px|100px|60px|false|false&#8221; custom_padding_tablet=&#8221;45px|60px|45px|60px|false|false&#8221; custom_padding_phone=&#8221;65px|15px|65px|15px|false|false&#8221; custom_padding_last_edited=&#8221;on|desktop&#8221; text_font_size_tablet=&#8221;20px&#8221; text_font_size_phone=&#8221;14px&#8221; text_font_size_last_edited=&#8221;on|phone&#8221; text_line_height_tablet=&#8221;&#8221; text_line_height_phone=&#8221;1.3em&#8221; text_line_height_last_edited=&#8221;on|phone&#8221; header_font_size_tablet=&#8221;45px&#8221; header_font_size_phone=&#8221;30px&#8221; header_font_size_last_edited=&#8221;on|phone&#8221; global_colors_info=&#8221;{}&#8221;]<\/p>\n<p style=\"text-align: center;\"><span style=\"font-weight: 400;\"><strong>Coordena\u00e7\u00e3o e produ\u00e7\u00e3o:<\/strong> Naotake Fukushima &#8211; <a href=\"mailto:naotake@nexodesign.com.br\">naotake@nexodesign.com.br<\/a><\/span><\/p>\n<p style=\"text-align: center;\"><span style=\"font-weight: 400;\"><strong>Auxiliares de produ\u00e7\u00e3o:<\/strong> Beatriz Mar\u00e7al e Maria Sousa<\/span><\/p>\n<p style=\"text-align: center;\"><span style=\"font-weight: 400;\"><strong>Expografia:<\/strong> Gerson Cordeiro<\/span><\/p>\n<p style=\"text-align: center;\"><span style=\"font-weight: 400;\"><strong>Web Designer:<\/strong> Marina Mendon\u00e7a<\/span><\/p>\n<p style=\"text-align: center;\"><span style=\"font-weight: 400;\"><strong>Digitaliza\u00e7\u00e3o:<\/strong> Marlon Gomes<\/span><\/p>\n<p style=\"text-align: center;\"><span style=\"font-weight: 400;\"><strong>Diagrama\u00e7\u00e3o do cat\u00e1logo:<\/strong> Naotake Fukushima e Marina Mendon\u00e7a<\/span><\/p>\n<p style=\"text-align: center;\"><span style=\"font-weight: 400;\"><strong>Revis\u00e3o de texto:<\/strong> Alvaro Posselt <\/span><\/p>\n<p style=\"text-align: center;\"><span style=\"font-weight: 400;\"><strong>Textos do Cat\u00e1logo e Palestra online:<\/strong> Lindsay Cresto<\/span><\/p>\n<p style=\"text-align: center;\"><span style=\"font-weight: 400;\"><strong>Oficina:<\/strong> Ricardo Cardeiro<\/span><\/p>\n<p style=\"text-align: center;\"><span style=\"font-weight: 400;\"><strong>Divulga\u00e7\u00e3o:<\/strong> Marcellen Neppel<\/span><\/p>\n<p style=\"text-align: center;\"><span style=\"font-weight: 400;\"><strong>Audiodescri\u00e7\u00e3o:<\/strong> Casa Consultoria<\/span><\/p>\n<p style=\"text-align: center;\"><span style=\"font-weight: 400;\"><strong>Fotografia:<\/strong> Kraw Penas<\/span><\/p>\n<p style=\"text-align: center;\"><span style=\"font-weight: 400;\"><strong>Assessoria de imprensa:<\/strong> Lu\u00edsa Lis Andrade Mainardes<\/span><\/p>\n<p style=\"text-align: center;\"><span style=\"font-weight: 400;\"><strong>Instrutor de oficina:<\/strong> Ricardo Carneiro<\/span><\/p>\n<p style=\"text-align: center;\"><span style=\"font-weight: 400;\"><strong>Texto de apresenta\u00e7\u00e3o dos fanzines:<\/strong> Gerson Cordeiro<\/span><\/p>\n<p>[\/et_pb_text][\/et_pb_column][\/et_pb_row][et_pb_row custom_padding_last_edited=&#8221;on|desktop&#8221; _builder_version=&#8221;4.27.4&#8243; _module_preset=&#8221;default&#8221; background_color=&#8221;RGBA(255,255,255,0)&#8221; max_width_tablet=&#8221;&#8221; max_width_phone=&#8221;&#8221; max_width_last_edited=&#8221;on|desktop&#8221; custom_padding_tablet=&#8221;&#8221; custom_padding_phone=&#8221;0px||||false|false&#8221; global_colors_info=&#8221;{}&#8221;][et_pb_column type=&#8221;4_4&#8243; _builder_version=&#8221;4.27.4&#8243; _module_preset=&#8221;default&#8221; global_colors_info=&#8221;{}&#8221;][et_pb_image src=&#8221;https:\/\/editorainsight.com.br\/livro\/wp-content\/uploads\/2025\/05\/tesoura.png&#8221; title_text=&#8221;tesoura&#8221; align=&#8221;center&#8221; _builder_version=&#8221;4.27.4&#8243; _module_preset=&#8221;default&#8221; width=&#8221;25%&#8221; width_tablet=&#8221;50%&#8221; width_phone=&#8221;45%&#8221; width_last_edited=&#8221;on|desktop&#8221; custom_margin=&#8221;||-15px||false|false&#8221; custom_margin_tablet=&#8221;||-100px|||&#8221; custom_margin_phone=&#8221;||-5px||false|false&#8221; custom_margin_last_edited=&#8221;on|phone&#8221; custom_padding=&#8221;0px|0px|0px|||&#8221; custom_padding_last_edited=&#8221;off|desktop&#8221; global_colors_info=&#8221;{}&#8221;][\/et_pb_image][\/et_pb_column][\/et_pb_row][\/et_pb_section][et_pb_section fb_built=&#8221;1&#8243; _builder_version=&#8221;4.27.4&#8243; _module_preset=&#8221;default&#8221; background_color=&#8221;RGBA(255,255,255,0)&#8221; background_image=&#8221;https:\/\/editorainsight.com.br\/livro\/wp-content\/uploads\/2025\/04\/barra-final.png&#8221; background_position=&#8221;top_left&#8221; background_horizontal_offset=&#8221;0%&#8221; min_height=&#8221;224.1px&#8221; custom_margin=&#8221;-46px|||||&#8221; custom_padding=&#8221;0px||0px|||&#8221; global_colors_info=&#8221;{}&#8221;][et_pb_row column_structure=&#8221;3_5,2_5&#8243; _builder_version=&#8221;4.27.4&#8243; _module_preset=&#8221;default&#8221; custom_padding=&#8221;||0px|||&#8221; global_colors_info=&#8221;{}&#8221;][et_pb_column type=&#8221;3_5&#8243; _builder_version=&#8221;4.27.4&#8243; _module_preset=&#8221;default&#8221; global_colors_info=&#8221;{}&#8221;][et_pb_social_media_follow use_icon_font_size=&#8221;on&#8221; icon_font_size=&#8221;25px&#8221; icon_font_size_tablet=&#8221;25px&#8221; icon_font_size_phone=&#8221;16px&#8221; icon_font_size_last_edited=&#8221;on|phone&#8221; _builder_version=&#8221;4.27.4&#8243; _module_preset=&#8221;default&#8221; text_orientation=&#8221;center&#8221; custom_margin=&#8221;||4px||false|false&#8221; custom_margin_tablet=&#8221;||4px||false|false&#8221; custom_margin_phone=&#8221;||-25px||false|false&#8221; custom_margin_last_edited=&#8221;on|phone&#8221; custom_padding=&#8221;24px|||||&#8221; custom_padding_tablet=&#8221;24px|||||&#8221; custom_padding_phone=&#8221;10px||||false|false&#8221; custom_padding_last_edited=&#8221;on|desktop&#8221; global_colors_info=&#8221;{}&#8221;][et_pb_social_media_follow_network social_network=&#8221;instagram&#8221; url=&#8221;https:\/\/www.instagram.com\/insighteditora\/&#8221; _builder_version=&#8221;4.27.4&#8243; _module_preset=&#8221;default&#8221; background_color=&#8221;#ea2c59&#8243; global_colors_info=&#8221;{}&#8221; follow_button=&#8221;off&#8221; url_new_window=&#8221;on&#8221;]instagram[\/et_pb_social_media_follow_network][et_pb_social_media_follow_network social_network=&#8221;youtube&#8221; url=&#8221;https:\/\/www.youtube.com\/@EditoraInsight&#8221; _builder_version=&#8221;4.27.4&#8243; _module_preset=&#8221;default&#8221; background_color=&#8221;#a82400&#8243; global_colors_info=&#8221;{}&#8221; follow_button=&#8221;off&#8221; url_new_window=&#8221;on&#8221;]youtube[\/et_pb_social_media_follow_network][et_pb_social_media_follow_network social_network=&#8221;whatsapp&#8221; url=&#8221;https:\/\/api.whatsapp.com\/send?phone=554188356242&#038;text=Oi%2C%20estou%20com%20uma%20d%C3%BAvida..&#8221; _builder_version=&#8221;4.27.4&#8243; _module_preset=&#8221;default&#8221; background_color=&#8221;#25D366&#8243; global_colors_info=&#8221;{}&#8221; follow_button=&#8221;off&#8221; url_new_window=&#8221;on&#8221;]whatsapp[\/et_pb_social_media_follow_network][et_pb_social_media_follow_network social_network=&#8221;facebook&#8221; url=&#8221;https:\/\/www.facebook.com\/editoraInsight&#8221; _builder_version=&#8221;4.27.4&#8243; _module_preset=&#8221;default&#8221; background_color=&#8221;#3b5998&#8243; global_colors_info=&#8221;{}&#8221; follow_button=&#8221;off&#8221; url_new_window=&#8221;on&#8221;]facebook[\/et_pb_social_media_follow_network][\/et_pb_social_media_follow][\/et_pb_column][et_pb_column type=&#8221;2_5&#8243; _builder_version=&#8221;4.27.4&#8243; _module_preset=&#8221;default&#8221; global_colors_info=&#8221;{}&#8221;][et_pb_text _builder_version=&#8221;4.27.4&#8243; _module_preset=&#8221;default&#8221; text_font_size=&#8221;19px&#8221; width=&#8221;100%&#8221; custom_margin=&#8221;||||false|false&#8221; custom_margin_tablet=&#8221;||||false|false&#8221; custom_margin_phone=&#8221;||||false|false&#8221; custom_margin_last_edited=&#8221;on|desktop&#8221; custom_padding=&#8221;35px||||false|false&#8221; custom_padding_tablet=&#8221;35px||||false|false&#8221; custom_padding_phone=&#8221;0px||||false|false&#8221; custom_padding_last_edited=&#8221;on|phone&#8221; text_font_size_tablet=&#8221;20px&#8221; text_font_size_phone=&#8221;14px&#8221; text_font_size_last_edited=&#8221;on|phone&#8221; global_colors_info=&#8221;{}&#8221;]<\/p>\n<p style=\"text-align: center;\"><strong>Contato:<\/strong> <a href=\"mailto:contatoeditorainsight@gmail.com\">contatoeditorainsight@gmail.com<\/a><\/p>\n<p>[\/et_pb_text][\/et_pb_column][\/et_pb_row][et_pb_row custom_padding_last_edited=&#8221;on|phone&#8221; _builder_version=&#8221;4.27.4&#8243; _module_preset=&#8221;default&#8221; custom_margin=&#8221;-11px|auto||auto||&#8221; custom_margin_tablet=&#8221;-11px|auto||auto||&#8221; custom_margin_phone=&#8221;-33px|auto|19px|auto|false|false&#8221; custom_margin_last_edited=&#8221;on|phone&#8221; custom_padding=&#8221;0px||||false|false&#8221; custom_padding_tablet=&#8221;0px||||false|false&#8221; custom_padding_phone=&#8221;0px||0px||false|false&#8221; global_colors_info=&#8221;{}&#8221;][et_pb_column type=&#8221;4_4&#8243; _builder_version=&#8221;4.27.4&#8243; _module_preset=&#8221;default&#8221; global_colors_info=&#8221;{}&#8221;][et_pb_image src=&#8221;https:\/\/editorainsight.com.br\/livro\/wp-content\/uploads\/2025\/06\/BARRA-DE-LOGOS_preto-scaled.png&#8221; title_text=&#8221;BARRA DE LOGOS_preto&#8221; _builder_version=&#8221;4.27.4&#8243; _module_preset=&#8221;default&#8221; custom_padding=&#8221;15px|||||&#8221; hover_enabled=&#8221;0&#8243; global_colors_info=&#8221;{}&#8221; sticky_enabled=&#8221;0&#8243;][\/et_pb_image][\/et_pb_column][\/et_pb_row][\/et_pb_section]<\/p>\n","protected":false},"excerpt":{"rendered":"<p>Coordena\u00e7\u00e3o e produ\u00e7\u00e3o: Naotake Fukushima &#8211; naotake@nexodesign.com.br Auxiliares de produ\u00e7\u00e3o: Beatriz Mar\u00e7al e Maria Sousa Expografia: Gerson Cordeiro Web Designer: Marina Mendon\u00e7a Digitaliza\u00e7\u00e3o: Marlon Gomes Diagrama\u00e7\u00e3o do cat\u00e1logo: Naotake Fukushima e Marina Mendon\u00e7a Revis\u00e3o de texto: Alvaro Posselt Textos do Cat\u00e1logo e Palestra online: Lindsay Cresto Oficina: Ricardo Cardeiro Divulga\u00e7\u00e3o: Marcellen Neppel Audiodescri\u00e7\u00e3o: Casa Consultoria [&hellip;]<\/p>\n","protected":false},"author":1,"featured_media":0,"parent":233,"menu_order":0,"comment_status":"closed","ping_status":"closed","template":"","meta":{"_et_pb_use_builder":"on","_et_pb_old_content":"","_et_gb_content_width":"","footnotes":""},"class_list":["post-798","page","type-page","status-publish","hentry"],"yoast_head":"<!-- This site is optimized with the Yoast SEO plugin v23.6 - https:\/\/yoast.com\/wordpress\/plugins\/seo\/ -->\n<title>Cr\u00e9ditos - Livros da Insight<\/title>\n<meta name=\"robots\" content=\"index, follow, max-snippet:-1, max-image-preview:large, max-video-preview:-1\" \/>\n<link rel=\"canonical\" href=\"https:\/\/editorainsight.com.br\/livro\/ovo-de-colombo\/creditos\/\" \/>\n<meta property=\"og:locale\" content=\"pt_BR\" \/>\n<meta property=\"og:type\" content=\"article\" \/>\n<meta property=\"og:title\" content=\"Cr\u00e9ditos - Livros da Insight\" \/>\n<meta property=\"og:description\" content=\"Coordena\u00e7\u00e3o e produ\u00e7\u00e3o: Naotake Fukushima - naotake@nexodesign.com.br Auxiliares de produ\u00e7\u00e3o: Beatriz Mar\u00e7al e Maria Sousa Expografia: Gerson Cordeiro Web Designer: Marina Mendon\u00e7a Digitaliza\u00e7\u00e3o: Marlon Gomes Diagrama\u00e7\u00e3o do cat\u00e1logo: Naotake Fukushima e Marina Mendon\u00e7a Revis\u00e3o de texto: Alvaro Posselt Textos do Cat\u00e1logo e Palestra online: Lindsay Cresto Oficina: Ricardo Cardeiro Divulga\u00e7\u00e3o: Marcellen Neppel Audiodescri\u00e7\u00e3o: Casa Consultoria [&hellip;]\" \/>\n<meta property=\"og:url\" content=\"https:\/\/editorainsight.com.br\/livro\/ovo-de-colombo\/creditos\/\" \/>\n<meta property=\"og:site_name\" content=\"Livros da Insight\" \/>\n<meta property=\"article:modified_time\" content=\"2025-06-11T20:18:17+00:00\" \/>\n<meta name=\"twitter:card\" content=\"summary_large_image\" \/>\n<script type=\"application\/ld+json\" class=\"yoast-schema-graph\">{\"@context\":\"https:\/\/schema.org\",\"@graph\":[{\"@type\":\"WebPage\",\"@id\":\"https:\/\/editorainsight.com.br\/livro\/ovo-de-colombo\/creditos\/\",\"url\":\"https:\/\/editorainsight.com.br\/livro\/ovo-de-colombo\/creditos\/\",\"name\":\"Cr\u00e9ditos - Livros da Insight\",\"isPartOf\":{\"@id\":\"https:\/\/editorainsight.com.br\/livro\/#website\"},\"datePublished\":\"2025-05-16T15:08:59+00:00\",\"dateModified\":\"2025-06-11T20:18:17+00:00\",\"breadcrumb\":{\"@id\":\"https:\/\/editorainsight.com.br\/livro\/ovo-de-colombo\/creditos\/#breadcrumb\"},\"inLanguage\":\"pt-BR\",\"potentialAction\":[{\"@type\":\"ReadAction\",\"target\":[\"https:\/\/editorainsight.com.br\/livro\/ovo-de-colombo\/creditos\/\"]}]},{\"@type\":\"BreadcrumbList\",\"@id\":\"https:\/\/editorainsight.com.br\/livro\/ovo-de-colombo\/creditos\/#breadcrumb\",\"itemListElement\":[{\"@type\":\"ListItem\",\"position\":1,\"name\":\"Home\",\"item\":\"https:\/\/editorainsight.com.br\/livro\/\"},{\"@type\":\"ListItem\",\"position\":2,\"name\":\"Ovo de Colombo\",\"item\":\"https:\/\/editorainsight.com.br\/livro\/ovo-de-colombo\/\"},{\"@type\":\"ListItem\",\"position\":3,\"name\":\"Cr\u00e9ditos\"}]},{\"@type\":\"WebSite\",\"@id\":\"https:\/\/editorainsight.com.br\/livro\/#website\",\"url\":\"https:\/\/editorainsight.com.br\/livro\/\",\"name\":\"Livros da Insight\",\"description\":\"\",\"potentialAction\":[{\"@type\":\"SearchAction\",\"target\":{\"@type\":\"EntryPoint\",\"urlTemplate\":\"https:\/\/editorainsight.com.br\/livro\/?s={search_term_string}\"},\"query-input\":{\"@type\":\"PropertyValueSpecification\",\"valueRequired\":true,\"valueName\":\"search_term_string\"}}],\"inLanguage\":\"pt-BR\"}]}<\/script>\n<!-- \/ Yoast SEO plugin. -->","yoast_head_json":{"title":"Cr\u00e9ditos - Livros da Insight","robots":{"index":"index","follow":"follow","max-snippet":"max-snippet:-1","max-image-preview":"max-image-preview:large","max-video-preview":"max-video-preview:-1"},"canonical":"https:\/\/editorainsight.com.br\/livro\/ovo-de-colombo\/creditos\/","og_locale":"pt_BR","og_type":"article","og_title":"Cr\u00e9ditos - Livros da Insight","og_description":"Coordena\u00e7\u00e3o e produ\u00e7\u00e3o: Naotake Fukushima - naotake@nexodesign.com.br Auxiliares de produ\u00e7\u00e3o: Beatriz Mar\u00e7al e Maria Sousa Expografia: Gerson Cordeiro Web Designer: Marina Mendon\u00e7a Digitaliza\u00e7\u00e3o: Marlon Gomes Diagrama\u00e7\u00e3o do cat\u00e1logo: Naotake Fukushima e Marina Mendon\u00e7a Revis\u00e3o de texto: Alvaro Posselt Textos do Cat\u00e1logo e Palestra online: Lindsay Cresto Oficina: Ricardo Cardeiro Divulga\u00e7\u00e3o: Marcellen Neppel Audiodescri\u00e7\u00e3o: Casa Consultoria [&hellip;]","og_url":"https:\/\/editorainsight.com.br\/livro\/ovo-de-colombo\/creditos\/","og_site_name":"Livros da Insight","article_modified_time":"2025-06-11T20:18:17+00:00","twitter_card":"summary_large_image","schema":{"@context":"https:\/\/schema.org","@graph":[{"@type":"WebPage","@id":"https:\/\/editorainsight.com.br\/livro\/ovo-de-colombo\/creditos\/","url":"https:\/\/editorainsight.com.br\/livro\/ovo-de-colombo\/creditos\/","name":"Cr\u00e9ditos - Livros da Insight","isPartOf":{"@id":"https:\/\/editorainsight.com.br\/livro\/#website"},"datePublished":"2025-05-16T15:08:59+00:00","dateModified":"2025-06-11T20:18:17+00:00","breadcrumb":{"@id":"https:\/\/editorainsight.com.br\/livro\/ovo-de-colombo\/creditos\/#breadcrumb"},"inLanguage":"pt-BR","potentialAction":[{"@type":"ReadAction","target":["https:\/\/editorainsight.com.br\/livro\/ovo-de-colombo\/creditos\/"]}]},{"@type":"BreadcrumbList","@id":"https:\/\/editorainsight.com.br\/livro\/ovo-de-colombo\/creditos\/#breadcrumb","itemListElement":[{"@type":"ListItem","position":1,"name":"Home","item":"https:\/\/editorainsight.com.br\/livro\/"},{"@type":"ListItem","position":2,"name":"Ovo de Colombo","item":"https:\/\/editorainsight.com.br\/livro\/ovo-de-colombo\/"},{"@type":"ListItem","position":3,"name":"Cr\u00e9ditos"}]},{"@type":"WebSite","@id":"https:\/\/editorainsight.com.br\/livro\/#website","url":"https:\/\/editorainsight.com.br\/livro\/","name":"Livros da Insight","description":"","potentialAction":[{"@type":"SearchAction","target":{"@type":"EntryPoint","urlTemplate":"https:\/\/editorainsight.com.br\/livro\/?s={search_term_string}"},"query-input":{"@type":"PropertyValueSpecification","valueRequired":true,"valueName":"search_term_string"}}],"inLanguage":"pt-BR"}]}},"_links":{"self":[{"href":"https:\/\/editorainsight.com.br\/livro\/wp-json\/wp\/v2\/pages\/798","targetHints":{"allow":["GET"]}}],"collection":[{"href":"https:\/\/editorainsight.com.br\/livro\/wp-json\/wp\/v2\/pages"}],"about":[{"href":"https:\/\/editorainsight.com.br\/livro\/wp-json\/wp\/v2\/types\/page"}],"author":[{"embeddable":true,"href":"https:\/\/editorainsight.com.br\/livro\/wp-json\/wp\/v2\/users\/1"}],"replies":[{"embeddable":true,"href":"https:\/\/editorainsight.com.br\/livro\/wp-json\/wp\/v2\/comments?post=798"}],"version-history":[{"count":17,"href":"https:\/\/editorainsight.com.br\/livro\/wp-json\/wp\/v2\/pages\/798\/revisions"}],"predecessor-version":[{"id":1022,"href":"https:\/\/editorainsight.com.br\/livro\/wp-json\/wp\/v2\/pages\/798\/revisions\/1022"}],"up":[{"embeddable":true,"href":"https:\/\/editorainsight.com.br\/livro\/wp-json\/wp\/v2\/pages\/233"}],"wp:attachment":[{"href":"https:\/\/editorainsight.com.br\/livro\/wp-json\/wp\/v2\/media?parent=798"}],"curies":[{"name":"wp","href":"https:\/\/api.w.org\/{rel}","templated":true}]}}