{"id":133,"date":"2023-03-29T16:07:34","date_gmt":"2023-03-29T19:07:34","guid":{"rendered":"https:\/\/editorainsight.com.br\/galeria\/?page_id=133"},"modified":"2023-03-30T12:21:45","modified_gmt":"2023-03-30T15:21:45","slug":"rosa-bruinje","status":"publish","type":"page","link":"https:\/\/editorainsight.com.br\/masa\/rosa-bruinje\/","title":{"rendered":"Rosa Bruinj\u00e9"},"content":{"rendered":"<p>[et_pb_section fb_built=&#8221;1&#8243; _builder_version=&#8221;4.20.2&#8243; _module_preset=&#8221;default&#8221; background_image=&#8221;https:\/\/editorainsight.com.br\/masa\/wp-content\/uploads\/2023\/03\/fundo-rosa-bruinje.jpg&#8221; custom_padding=&#8221;30px||30px||false|false&#8221; global_colors_info=&#8221;{}&#8221;][et_pb_row _builder_version=&#8221;4.20.2&#8243; _module_preset=&#8221;default&#8221; global_colors_info=&#8221;{}&#8221;][et_pb_column type=&#8221;4_4&#8243; _builder_version=&#8221;4.20.2&#8243; _module_preset=&#8221;default&#8221; global_colors_info=&#8221;{}&#8221;][et_pb_text _builder_version=&#8221;4.20.2&#8243; _module_preset=&#8221;default&#8221; header_font=&#8221;|300|||||||&#8221; header_2_font=&#8221;Crimson Pro|300|||||||&#8221; header_2_font_size=&#8221;76px&#8221; text_orientation=&#8221;center&#8221; background_layout=&#8221;dark&#8221; custom_margin=&#8221;||0px||false|false&#8221; header_2_font_size_tablet=&#8221;76px&#8221; header_2_font_size_phone=&#8221;56px&#8221; header_2_font_size_last_edited=&#8221;on|phone&#8221; locked=&#8221;off&#8221; global_colors_info=&#8221;{}&#8221;]<\/p>\n<h2>Rosa<\/h2>\n<p>[\/et_pb_text][et_pb_text _builder_version=&#8221;4.20.2&#8243; _module_preset=&#8221;default&#8221; header_2_font=&#8221;Crimson Pro|300|||||||&#8221; header_2_font_size=&#8221;87px&#8221; text_orientation=&#8221;center&#8221; background_layout=&#8221;dark&#8221; header_2_font_size_tablet=&#8221;87px&#8221; header_2_font_size_phone=&#8221;65px&#8221; header_2_font_size_last_edited=&#8221;on|phone&#8221; locked=&#8221;off&#8221; global_colors_info=&#8221;{}&#8221;]<\/p>\n<h2>Bruinj\u00e9<\/h2>\n<p>[\/et_pb_text][\/et_pb_column][\/et_pb_row][\/et_pb_section][et_pb_section fb_built=&#8221;1&#8243; custom_padding_last_edited=&#8221;on|phone&#8221; _builder_version=&#8221;4.20.2&#8243; _module_preset=&#8221;default&#8221; background_color=&#8221;#C02D28&#8243; custom_padding=&#8221;140px||140px||true|false&#8221; custom_padding_tablet=&#8221;140px||140px||true|false&#8221; custom_padding_phone=&#8221;50px||||false|false&#8221; global_colors_info=&#8221;{}&#8221;][et_pb_row _builder_version=&#8221;4.20.2&#8243; _module_preset=&#8221;default&#8221; global_colors_info=&#8221;{}&#8221;][et_pb_column type=&#8221;4_4&#8243; _builder_version=&#8221;4.20.2&#8243; _module_preset=&#8221;default&#8221; global_colors_info=&#8221;{}&#8221;][et_pb_text _builder_version=&#8221;4.20.2&#8243; _module_preset=&#8221;default&#8221; text_font=&#8221;Crimson Pro|300|||||||&#8221; text_font_size=&#8221;18px&#8221; text_line_height=&#8221;1.8em&#8221; background_layout=&#8221;dark&#8221; max_width=&#8221;786px&#8221; module_alignment=&#8221;center&#8221; locked=&#8221;off&#8221; global_colors_info=&#8221;{}&#8221;]<\/p>\n<p>Rosa Bruinj\u00e9 teve uma influ\u00eancia importante em outra etapa do desenvolvimento art\u00edstico de Masa, cujo movimento de busca cont\u00ednua pelo aprimoramento expressivo encontrou no Centro de Artes Pl\u00e1sticas coordenado pela artista uma nova seara criativa. Abrindo as portas de seu atelier para Masa, ela o incentivou a experimentar t\u00e9cnicas diferentes e explorar o espa\u00e7o de composi\u00e7\u00e3o atrav\u00e9s de uma nova paleta de cores. Assim, a descoberta das possibilidades e experimenta\u00e7\u00f5es crom\u00e1ticas o instigavam e o desafiavam, e Masa foi incorporando novas tonalidades ao seu trabalho em diversos sentidos. Se por um lado o seu estilo foi fortemente influenciado por essa experi\u00eancia, de outro, o acolhimento de Rosa em seu espa\u00e7o art\u00edstico foi determinante para amadurecer ideias elaboradas anteriormente pelo artista.<\/p>\n<p>[\/et_pb_text][\/et_pb_column][\/et_pb_row][\/et_pb_section][et_pb_section fb_built=&#8221;1&#8243; _builder_version=&#8221;4.20.2&#8243; _module_preset=&#8221;default&#8221; global_colors_info=&#8221;{}&#8221;][et_pb_row _builder_version=&#8221;4.20.2&#8243; _module_preset=&#8221;default&#8221; max_width=&#8221;1360px&#8221; locked=&#8221;off&#8221; global_colors_info=&#8221;{}&#8221;][et_pb_column type=&#8221;4_4&#8243; _builder_version=&#8221;4.20.2&#8243; _module_preset=&#8221;default&#8221; global_colors_info=&#8221;{}&#8221;][et_pb_text _builder_version=&#8221;4.20.2&#8243; _module_preset=&#8221;default&#8221; header_2_font=&#8221;Crimson Pro||||||||&#8221; header_2_text_color=&#8221;#c02d28&#8243; header_2_font_size=&#8221;80px&#8221; global_colors_info=&#8221;{}&#8221;]<\/p>\n<h2>Obras no cat\u00e1logo<\/h2>\n<p>[\/et_pb_text][\/et_pb_column][\/et_pb_row][et_pb_row column_structure=&#8221;1_3,1_3,1_3&#8243; _builder_version=&#8221;4.20.2&#8243; _module_preset=&#8221;default&#8221; max_width=&#8221;1360px&#8221; global_colors_info=&#8221;{}&#8221;][et_pb_column type=&#8221;1_3&#8243; _builder_version=&#8221;4.20.2&#8243; _module_preset=&#8221;default&#8221; global_colors_info=&#8221;{}&#8221;][\/et_pb_column][et_pb_column type=&#8221;1_3&#8243; _builder_version=&#8221;4.20.2&#8243; _module_preset=&#8221;default&#8221; global_colors_info=&#8221;{}&#8221;][et_pb_image src=&#8221;https:\/\/editorainsight.com.br\/masa\/wp-content\/uploads\/2023\/03\/Sem-titulo-1.jpg&#8221; title_text=&#8221;Sem titulo&#8221; align=&#8221;center&#8221; _builder_version=&#8221;4.20.2&#8243; _module_preset=&#8221;default&#8221; custom_margin=&#8221;||0px||false|false&#8221; global_colors_info=&#8221;{}&#8221;][\/et_pb_image][et_pb_text _builder_version=&#8221;4.20.2&#8243; _module_preset=&#8221;default&#8221; text_font=&#8221;Crimson Pro|300|||||||&#8221; text_font_size=&#8221;20px&#8221; text_orientation=&#8221;center&#8221; custom_margin=&#8221;10px||10px||false|false&#8221; global_colors_info=&#8221;{}&#8221;]<\/p>\n<p>Sem t\u00edtulo<br \/>\u00d3leo sobre tela<br \/>120 x 80 cm<br \/>Sem data<\/p>\n<p>[\/et_pb_text][et_pb_text _builder_version=&#8221;4.20.2&#8243; _module_preset=&#8221;default&#8221; text_font_size=&#8221;12px&#8221; text_orientation=&#8221;center&#8221; locked=&#8221;off&#8221; global_colors_info=&#8221;{}&#8221;]<\/p>\n<p>Fotografia de Guilherme Pupo<\/p>\n<p>[\/et_pb_text][\/et_pb_column][et_pb_column type=&#8221;1_3&#8243; _builder_version=&#8221;4.20.2&#8243; _module_preset=&#8221;default&#8221; global_colors_info=&#8221;{}&#8221;][\/et_pb_column][\/et_pb_row][\/et_pb_section]<\/p>\n","protected":false},"excerpt":{"rendered":"<p>RosaBruinj\u00e9Rosa Bruinj\u00e9 teve uma influ\u00eancia importante em outra etapa do desenvolvimento art\u00edstico de Masa, cujo movimento de busca cont\u00ednua pelo aprimoramento expressivo encontrou no Centro de Artes Pl\u00e1sticas coordenado pela artista uma nova seara criativa. Abrindo as portas de seu atelier para Masa, ela o incentivou a experimentar t\u00e9cnicas diferentes e explorar o espa\u00e7o de [&hellip;]<\/p>\n","protected":false},"author":1,"featured_media":0,"parent":0,"menu_order":0,"comment_status":"closed","ping_status":"closed","template":"","meta":{"_et_pb_use_builder":"on","_et_pb_old_content":"","_et_gb_content_width":"","footnotes":""},"class_list":["post-133","page","type-page","status-publish","hentry"],"_links":{"self":[{"href":"https:\/\/editorainsight.com.br\/masa\/wp-json\/wp\/v2\/pages\/133","targetHints":{"allow":["GET"]}}],"collection":[{"href":"https:\/\/editorainsight.com.br\/masa\/wp-json\/wp\/v2\/pages"}],"about":[{"href":"https:\/\/editorainsight.com.br\/masa\/wp-json\/wp\/v2\/types\/page"}],"author":[{"embeddable":true,"href":"https:\/\/editorainsight.com.br\/masa\/wp-json\/wp\/v2\/users\/1"}],"replies":[{"embeddable":true,"href":"https:\/\/editorainsight.com.br\/masa\/wp-json\/wp\/v2\/comments?post=133"}],"version-history":[{"count":3,"href":"https:\/\/editorainsight.com.br\/masa\/wp-json\/wp\/v2\/pages\/133\/revisions"}],"predecessor-version":[{"id":238,"href":"https:\/\/editorainsight.com.br\/masa\/wp-json\/wp\/v2\/pages\/133\/revisions\/238"}],"wp:attachment":[{"href":"https:\/\/editorainsight.com.br\/masa\/wp-json\/wp\/v2\/media?parent=133"}],"curies":[{"name":"wp","href":"https:\/\/api.w.org\/{rel}","templated":true}]}}